{"id":67,"date":"2025-05-30T02:06:55","date_gmt":"2025-05-30T02:06:55","guid":{"rendered":"https:\/\/caluaniemuelear.com\/?page_id=67"},"modified":"2025-12-14T21:25:14","modified_gmt":"2025-12-14T21:25:14","slug":"ruckerstattung_rucksendungen","status":"publish","type":"page","link":"https:\/\/caluaniemuelear.com\/de\/ruckerstattung_rucksendungen\/","title":{"rendered":"R\u00fcckerstattungs- und R\u00fcckgaberichtlinien"},"content":{"rendered":"<h2 class=\"wp-block-heading\" style=\"text-align: center;\">\u00dcberblick<\/h2>\r\n\r\n\r\n\r\n<p>Unser R\u00fcckerstattungs- und R\u00fcckgaberecht gilt 30 Tage lang. Wenn seit Ihrem Kauf 30 Tage vergangen sind, k\u00f6nnen wir Ihnen keine vollst\u00e4ndige R\u00fcckerstattung oder keinen Umtausch anbieten.<\/p>\r\n\r\n\r\n\r\n<p>Um f\u00fcr eine R\u00fcckgabe in Frage zu kommen, m\u00fcssen Sie in Form eines Testvideos den Nachweis erbringen, dass unser Produkt nicht den beworbenen Standards entsprach.<\/p>\r\n\r\n\r\n\r\n<p>F\u00fcr besch\u00e4digte versicherte Produkte unserer Versandpartner wie DHL, FedEx, KGT und TNT garantieren wir eine vollst\u00e4ndige R\u00fcckerstattung oder den Versand eines neuen Produkts ohne zus\u00e4tzliche Kosten.<\/p>\r\n\r\n\r\n\r\n<p>Weitere vom Umtausch ausgeschlossene Artikel:<\/p>\r\n\r\n\r\n\r\n<ul class=\"wp-block-list\">\r\n<li><a href=\"https:\/\/caluaniemuelear.com\/de\/\">Caluanie Muelear<\/a> nicht entsprechend gespeichert.<\/li>\r\n<li>Versch\u00fcttet <a href=\"https:\/\/caluaniemuelear.com\/de\/\">Caluanie Muelear oxidieren<\/a> durch den K\u00e4ufer verursacht.<\/li>\r\n<li>Bilder des Pakets werden nach der Zustellung bereitgestellt<\/li>\r\n<\/ul>\r\n\r\n\r\n\r\n<p>Um Ihre R\u00fccksendung abzuschlie\u00dfen, ben\u00f6tigen wir eine Quittung, ein Bild oder einen Kaufbeleg.<\/p>\r\n\r\n\r\n\r\n\r\n\r\n<p>Es gibt bestimmte Situationen, in denen nur teilweise R\u00fcckerstattungen gew\u00e4hrt werden:<\/p>\r\n\r\n\r\n\r\n<ul class=\"wp-block-list\">\r\n<li><a href=\"https:\/\/caluanieoxidizeusa.com\/\">Caluanie Muelear Oxidize<\/a> mit deutlichen Gebrauchsspuren.<\/li>\r\n<li>Jedes Caluanie Muelear Oxidize befindet sich nicht in seinem Originalzustand, ist besch\u00e4digt oder es fehlen Teile aus Gr\u00fcnden, die nicht auf unseren Fehler zur\u00fcckzuf\u00fchren sind.<\/li>\r\n<li>Jeder Artikel, der mehr als 30 Tage nach der Lieferung zur\u00fcckgegeben wird<\/li>\r\n<\/ul>\r\n\r\n\r\n\r\n<h2 class=\"wp-block-heading\">R\u00fcckerstattungen<\/h2>\r\n\r\n\r\n\r\n<p>Sobald Ihre R\u00fccksendung bei uns eingegangen und gepr\u00fcft ist, senden wir Ihnen eine E-Mail, um Sie \u00fcber den Erhalt Ihrer R\u00fccksendung zu informieren. Wir benachrichtigen Sie auch \u00fcber die Genehmigung oder Ablehnung Ihrer R\u00fcckerstattung.<\/p>\r\n\r\n\r\n\r\n<p>Wenn Ihre R\u00fcckerstattung genehmigt wird, wird sie innerhalb von 7\u201314 Werktagen \u00fcber Ihre urspr\u00fcngliche Zahlungsmethode abgewickelt.<\/p>\r\n\r\n\r\n\r\n<h3 class=\"wp-block-heading\">Versp\u00e4tete oder fehlende R\u00fcckerstattungen<\/h3>\r\n\r\n\r\n\r\n<p>Wenn Sie noch keine R\u00fcckerstattung erhalten haben, \u00fcberpr\u00fcfen Sie zun\u00e4chst erneut Ihr Bankkonto.<\/p>\r\n\r\n\r\n\r\n<p>\u00dcberpr\u00fcfen Sie dann Ihre eingehenden oder ausstehenden Transaktionen. Es kann einige Zeit dauern, bis Ihre R\u00fcckerstattung offiziell gebucht wird.<\/p>\r\n\r\n\r\n\r\n<p>Wenden Sie sich anschlie\u00dfend an Ihre Bank. Es dauert oft eine gewisse Bearbeitungszeit, bis eine R\u00fcckerstattung verbucht wird.<\/p>\r\n\r\n\r\n\r\n<p>Wenn Sie all dies getan haben und Ihre R\u00fcckerstattung noch immer nicht erhalten haben, kontaktieren Sie uns bitte unter {support@caluaniemueleaur.com}.<\/p>\r\n\r\n\r\n\r\n<h3 class=\"wp-block-heading\">Verkaufsartikel<\/h3>\r\n\r\n\r\n\r\n<p>F\u00fcr alle Artikel mit Preisangabe wird der Kaufpreis erstattet, unabh\u00e4ngig davon, ob es sich um Sonderangebote oder den Originalpreis handelt.<\/p>\r\n\r\n\r\n\r\n<h2 class=\"wp-block-heading\">B\u00f6rsen<\/h2>\r\n\r\n\r\n\r\n<p>Wir ersetzen Artikel nur, wenn sie defekt oder besch\u00e4digt sind. Wenn Sie den Artikel gegen denselben Artikel umtauschen m\u00f6chten, senden Sie uns eine E-Mail an {support@caluaniemuelear.com} und wir teilen Ihnen mit, wohin Sie den defekten Artikel senden k\u00f6nnen.<\/p>\r\n\r\n\r\n\r\n<h2 class=\"wp-block-heading\">Geschenke<\/h2>\r\n\r\n\r\n\r\n<p>Wenn der Artikel beim Kauf als Geschenk gekennzeichnet und direkt an Sie versendet wurde, erhalten Sie eine Geschenkgutschrift in H\u00f6he des Wertes Ihrer R\u00fccksendung. Sobald der zur\u00fcckgesendete Artikel bei uns eingetroffen ist, wird Ihnen ein Geschenkgutschein zugesandt.<\/p>\r\n\r\n\r\n\r\n<p>Wenn der Artikel beim Kauf nicht als Geschenk gekennzeichnet war oder der Schenkende die Bestellung an sich selbst versenden lie\u00df, um sie Ihnen sp\u00e4ter zu \u00fcberreichen, senden wir dem Schenkenden eine R\u00fcckerstattung und er wird \u00fcber Ihre R\u00fccksendung informiert.<\/p>\r\n\r\n\r\n\r\n<h2 class=\"wp-block-heading\">Versandr\u00fccksendungen<\/h2>\r\n\r\n\r\n\r\n<p>Um Ihr Produkt zur\u00fcckzugeben, senden Sie uns eine E-Mail an: {support@caluaniemueulear.com}.<\/p>\r\n\r\n\r\n\r\n<p>Sie tragen die Kosten f\u00fcr die R\u00fccksendung Ihres Artikels selbst. Die Versandkosten sind nicht erstattungsf\u00e4hig. Wenn Sie eine R\u00fcckerstattung erhalten, werden die Kosten f\u00fcr die R\u00fccksendung von Ihrer R\u00fcckerstattung abgezogen.<\/p>\r\n\r\n\r\n\r\n<p>Je nachdem, wo Sie wohnen, kann die Lieferzeit Ihres umgetauschten Produkts unterschiedlich sein.<\/p>\r\n\r\n\r\n\r\n<p>Wenn Sie teurere Artikel zur\u00fccksenden, k\u00f6nnen Sie einen nachverfolgbaren Versandservice oder eine Versandversicherung in Betracht ziehen. Wir garantieren nicht, dass wir Ihren zur\u00fcckgesendeten Artikel erhalten.<\/p>\r\n\r\n\r\n\r\n<h2 class=\"wp-block-heading\">Brauchen Sie Hilfe?<\/h2>\r\n\r\n\r\n\r\n<p>Kontaktieren Sie uns unter {support@caluaniemueleaur.com}, wenn Sie Fragen zu R\u00fcckerstattungen und R\u00fccksendungen haben.<\/p>\r\n<h3>\u00a0<\/h3>\r\n<h3 style=\"text-align: center;\">Kontaktdetails<\/h3>\r\n<p><strong>Unser Standort<\/strong><\/p>\r\n<div class=\"wp-block-uagb-container uagb-block-649a83c8\">\r\n<div class=\"wp-block-uagb-info-box uagb-block-cb739fab uagb-infobox__content-wrap  uagb-infobox-icon-left uagb-infobox-left uagb-infobox-image-valign-top\">\r\n<div class=\"uagb-ifb-content\">\r\n<p class=\"uagb-ifb-desc\">1 Seaport Ln #1300, Boston, MA 02210 USA<\/p>\r\n<\/div>\r\n<\/div>\r\n<p>&nbsp;<\/p>\r\n<p><strong>Unsere E-Mail<\/strong><\/p>\r\n<div class=\"wp-block-uagb-info-box uagb-block-f2bde35f uagb-infobox__content-wrap  uagb-infobox-icon-left uagb-infobox-left uagb-infobox-image-valign-top\">\r\n<div class=\"uagb-ifb-content\">\r\n<p class=\"uagb-ifb-desc\">support@caluaniemuelear.com<\/p>\r\n<\/div>\r\n<\/div>\r\n<p>&nbsp;<\/p>\r\n<p><strong>Rufen Sie uns an<\/strong><\/p>\r\n<p>+1(617) 408-0000<\/p>\r\n<\/div>\r\n<p>&nbsp;<\/p>\r\n<p>&nbsp;<\/p>\r\n<h3 style=\"text-align: left;\">Lageplan<\/h3>\r\n<p>&nbsp;<\/p>\r\n<p><\/p>\r\n<p><iframe loading=\"lazy\" style=\"border: 0;\" src=\"https:\/\/www.google.com\/maps\/embed?pb=!1m18!1m12!1m3!1d2948.7003213513335!2d-71.0418516!3d42.3489122!2m3!1f0!2f0!3f0!3m2!1i1024!2i768!4f13.1!3m3!1m2!1s0x89e3707896428fb9%3A0xff7fd03411582335!2s1%20Seaport%20Ln%20%231300%2C%20Boston%2C%20MA%2002210!5e0!3m2!1sen!2sus!4v1748563444826!5m2!1sen!2sus\" width=\"600\" height=\"450\" allowfullscreen=\"allowfullscreen\" data-mce-fragment=\"1\"><\/iframe><\/p>","protected":false},"excerpt":{"rendered":"<p>Overview Our refund and returns policy lasts 30 days. If 30 days have passed since your purchase, we can\u2019t offer you a full refund or exchange. To be eligible for a return, you must show proof in a form of a test video that our product did not meet its advertised standards. For damaged Insured [&hellip;]<\/p>\n","protected":false},"author":1,"featured_media":38,"parent":0,"menu_order":0,"comment_status":"closed","ping_status":"closed","template":"","meta":{"_et_pb_use_builder":"","_et_pb_old_content":"","_et_gb_content_width":"","footnotes":""},"class_list":["post-67","page","type-page","status-publish","has-post-thumbnail","hentry"],"yoast_head":"<!-- This site is optimized with the Yoast SEO Premium plugin v23.9 (Yoast SEO v27.3) - https:\/\/yoast.com\/product\/yoast-seo-premium-wordpress\/ -->\n<title>Refund and Returns Policy | Caluanie Muelear Oxidize<\/title>\n<meta name=\"description\" content=\"Our refund and returns policy lasts 30 days. If 30 days have passed since your purchase, we can\u2019t offer you a full refund or exchange.\" \/>\n<meta name=\"robots\" content=\"index, follow, max-snippet:-1, max-image-preview:large, max-video-preview:-1\" \/>\n<link rel=\"canonical\" href=\"https:\/\/caluaniemuelear.com\/de\/ruckerstattung_rucksendungen\/\" \/>\n<meta property=\"og:locale\" content=\"de_DE\" \/>\n<meta property=\"og:type\" content=\"article\" \/>\n<meta property=\"og:title\" content=\"Refund and Returns Policy\" \/>\n<meta property=\"og:description\" content=\"Our refund and returns policy lasts 30 days. If 30 days have passed since your purchase, we can\u2019t offer you a full refund or exchange.\" \/>\n<meta property=\"og:url\" content=\"https:\/\/caluaniemuelear.com\/de\/ruckerstattung_rucksendungen\/\" \/>\n<meta property=\"og:site_name\" content=\"Caluanie Muelear Oxidize\" \/>\n<meta property=\"article:modified_time\" content=\"2025-12-14T21:25:14+00:00\" \/>\n<meta property=\"og:image\" content=\"https:\/\/caluaniemuelear.com\/wp-content\/uploads\/2025\/05\/cropped-WhatsApp-Image-2025-05-25-at-10.08.40-PM.webp\" \/>\n\t<meta property=\"og:image:width\" content=\"512\" \/>\n\t<meta property=\"og:image:height\" content=\"512\" \/>\n\t<meta property=\"og:image:type\" content=\"image\/webp\" \/>\n<meta name=\"twitter:card\" content=\"summary_large_image\" \/>\n<meta name=\"twitter:label1\" content=\"Gesch\u00e4tzte Lesezeit\" \/>\n\t<meta name=\"twitter:data1\" content=\"3\u00a0Minuten\" \/>\n<script type=\"application\/ld+json\" class=\"yoast-schema-graph\">{\"@context\":\"https:\\\/\\\/schema.org\",\"@graph\":[{\"@type\":\"WebPage\",\"@id\":\"https:\\\/\\\/caluaniemuelear.com\\\/refund_returns\\\/\",\"url\":\"https:\\\/\\\/caluaniemuelear.com\\\/refund_returns\\\/\",\"name\":\"Refund and Returns Policy | Caluanie Muelear Oxidize\",\"isPartOf\":{\"@id\":\"https:\\\/\\\/caluaniemuelear.com\\\/#website\"},\"primaryImageOfPage\":{\"@id\":\"https:\\\/\\\/caluaniemuelear.com\\\/refund_returns\\\/#primaryimage\"},\"image\":{\"@id\":\"https:\\\/\\\/caluaniemuelear.com\\\/refund_returns\\\/#primaryimage\"},\"thumbnailUrl\":\"https:\\\/\\\/caluaniemuelear.com\\\/wp-content\\\/uploads\\\/2025\\\/05\\\/cropped-WhatsApp-Image-2025-05-25-at-10.08.40-PM.webp\",\"datePublished\":\"2025-05-30T02:06:55+00:00\",\"dateModified\":\"2025-12-14T21:25:14+00:00\",\"description\":\"Our refund and returns policy lasts 30 days. If 30 days have passed since your purchase, we can\u2019t offer you a full refund or exchange.\",\"breadcrumb\":{\"@id\":\"https:\\\/\\\/caluaniemuelear.com\\\/refund_returns\\\/#breadcrumb\"},\"inLanguage\":\"de\",\"potentialAction\":[{\"@type\":\"ReadAction\",\"target\":[\"https:\\\/\\\/caluaniemuelear.com\\\/refund_returns\\\/\"]}]},{\"@type\":\"ImageObject\",\"inLanguage\":\"de\",\"@id\":\"https:\\\/\\\/caluaniemuelear.com\\\/refund_returns\\\/#primaryimage\",\"url\":\"https:\\\/\\\/caluaniemuelear.com\\\/wp-content\\\/uploads\\\/2025\\\/05\\\/cropped-WhatsApp-Image-2025-05-25-at-10.08.40-PM.webp\",\"contentUrl\":\"https:\\\/\\\/caluaniemuelear.com\\\/wp-content\\\/uploads\\\/2025\\\/05\\\/cropped-WhatsApp-Image-2025-05-25-at-10.08.40-PM.webp\",\"width\":512,\"height\":512,\"caption\":\"Caluanie Muelear Oxidize\"},{\"@type\":\"BreadcrumbList\",\"@id\":\"https:\\\/\\\/caluaniemuelear.com\\\/refund_returns\\\/#breadcrumb\",\"itemListElement\":[{\"@type\":\"ListItem\",\"position\":1,\"name\":\"Home\",\"item\":\"https:\\\/\\\/caluaniemuelear.com\\\/\"},{\"@type\":\"ListItem\",\"position\":2,\"name\":\"Refund and Returns Policy\"}]},{\"@type\":\"WebSite\",\"@id\":\"https:\\\/\\\/caluaniemuelear.com\\\/#website\",\"url\":\"https:\\\/\\\/caluaniemuelear.com\\\/\",\"name\":\"Caluanie Muelear Oxidize\",\"description\":\"Caluanie Muelear Oxidize Made in USA\",\"publisher\":{\"@id\":\"https:\\\/\\\/caluaniemuelear.com\\\/#organization\"},\"alternateName\":\"Caluanie Muelear Oxidize USA\",\"potentialAction\":[{\"@type\":\"SearchAction\",\"target\":{\"@type\":\"EntryPoint\",\"urlTemplate\":\"https:\\\/\\\/caluaniemuelear.com\\\/?s={search_term_string}\"},\"query-input\":{\"@type\":\"PropertyValueSpecification\",\"valueRequired\":true,\"valueName\":\"search_term_string\"}}],\"inLanguage\":\"de\"},{\"@type\":\"Organization\",\"@id\":\"https:\\\/\\\/caluaniemuelear.com\\\/#organization\",\"name\":\"Caluanie Muelear Oxidize\",\"alternateName\":\"Caluanie Muelear Oxidize USA\",\"url\":\"https:\\\/\\\/caluaniemuelear.com\\\/\",\"logo\":{\"@type\":\"ImageObject\",\"inLanguage\":\"de\",\"@id\":\"https:\\\/\\\/caluaniemuelear.com\\\/#\\\/schema\\\/logo\\\/image\\\/\",\"url\":\"https:\\\/\\\/caluaniemuelear.com\\\/wp-content\\\/uploads\\\/2025\\\/05\\\/cropped-WhatsApp-Image-2025-05-25-at-10.08.40-PM.webp\",\"contentUrl\":\"https:\\\/\\\/caluaniemuelear.com\\\/wp-content\\\/uploads\\\/2025\\\/05\\\/cropped-WhatsApp-Image-2025-05-25-at-10.08.40-PM.webp\",\"width\":512,\"height\":512,\"caption\":\"Caluanie Muelear Oxidize\"},\"image\":{\"@id\":\"https:\\\/\\\/caluaniemuelear.com\\\/#\\\/schema\\\/logo\\\/image\\\/\"}}]}<\/script>\n<!-- \/ Yoast SEO Premium plugin. -->","yoast_head_json":{"title":"R\u00fcckerstattungs- und R\u00fcckgaberichtlinien | Caluanie Muelear Oxidize","description":"Unser R\u00fcckerstattungs- und R\u00fcckgaberecht gilt 30 Tage lang. Wenn seit Ihrem Kauf 30 Tage vergangen sind, k\u00f6nnen wir Ihnen keine vollst\u00e4ndige R\u00fcckerstattung oder keinen Umtausch anbieten.","robots":{"index":"index","follow":"follow","max-snippet":"max-snippet:-1","max-image-preview":"max-image-preview:large","max-video-preview":"max-video-preview:-1"},"canonical":"https:\/\/caluaniemuelear.com\/de\/ruckerstattung_rucksendungen\/","og_locale":"de_DE","og_type":"article","og_title":"Refund and Returns Policy","og_description":"Our refund and returns policy lasts 30 days. If 30 days have passed since your purchase, we can\u2019t offer you a full refund or exchange.","og_url":"https:\/\/caluaniemuelear.com\/de\/ruckerstattung_rucksendungen\/","og_site_name":"Caluanie Muelear Oxidize","article_modified_time":"2025-12-14T21:25:14+00:00","og_image":[{"width":512,"height":512,"url":"https:\/\/caluaniemuelear.com\/wp-content\/uploads\/2025\/05\/cropped-WhatsApp-Image-2025-05-25-at-10.08.40-PM.webp","type":"image\/webp"}],"twitter_card":"summary_large_image","twitter_misc":{"Gesch\u00e4tzte Lesezeit":"3\u00a0Minuten"},"schema":{"@context":"https:\/\/schema.org","@graph":[{"@type":"WebPage","@id":"https:\/\/caluaniemuelear.com\/refund_returns\/","url":"https:\/\/caluaniemuelear.com\/refund_returns\/","name":"R\u00fcckerstattungs- und R\u00fcckgaberichtlinien | Caluanie Muelear Oxidize","isPartOf":{"@id":"https:\/\/caluaniemuelear.com\/#website"},"primaryImageOfPage":{"@id":"https:\/\/caluaniemuelear.com\/refund_returns\/#primaryimage"},"image":{"@id":"https:\/\/caluaniemuelear.com\/refund_returns\/#primaryimage"},"thumbnailUrl":"https:\/\/caluaniemuelear.com\/wp-content\/uploads\/2025\/05\/cropped-WhatsApp-Image-2025-05-25-at-10.08.40-PM.webp","datePublished":"2025-05-30T02:06:55+00:00","dateModified":"2025-12-14T21:25:14+00:00","description":"Unser R\u00fcckerstattungs- und R\u00fcckgaberecht gilt 30 Tage lang. Wenn seit Ihrem Kauf 30 Tage vergangen sind, k\u00f6nnen wir Ihnen keine vollst\u00e4ndige R\u00fcckerstattung oder keinen Umtausch anbieten.","breadcrumb":{"@id":"https:\/\/caluaniemuelear.com\/refund_returns\/#breadcrumb"},"inLanguage":"de","potentialAction":[{"@type":"ReadAction","target":["https:\/\/caluaniemuelear.com\/refund_returns\/"]}]},{"@type":"ImageObject","inLanguage":"de","@id":"https:\/\/caluaniemuelear.com\/refund_returns\/#primaryimage","url":"https:\/\/caluaniemuelear.com\/wp-content\/uploads\/2025\/05\/cropped-WhatsApp-Image-2025-05-25-at-10.08.40-PM.webp","contentUrl":"https:\/\/caluaniemuelear.com\/wp-content\/uploads\/2025\/05\/cropped-WhatsApp-Image-2025-05-25-at-10.08.40-PM.webp","width":512,"height":512,"caption":"Caluanie Muelear Oxidize"},{"@type":"BreadcrumbList","@id":"https:\/\/caluaniemuelear.com\/refund_returns\/#breadcrumb","itemListElement":[{"@type":"ListItem","position":1,"name":"Home","item":"https:\/\/caluaniemuelear.com\/"},{"@type":"ListItem","position":2,"name":"Refund and Returns Policy"}]},{"@type":"WebSite","@id":"https:\/\/caluaniemuelear.com\/#website","url":"https:\/\/caluaniemuelear.com\/","name":"Caluanie Muelear Oxidize","description":"Caluanie Muelear Oxidize Hergestellt in den USA","publisher":{"@id":"https:\/\/caluaniemuelear.com\/#organization"},"alternateName":"Caluanie Muelear Oxidize USA","potentialAction":[{"@type":"SearchAction","target":{"@type":"EntryPoint","urlTemplate":"https:\/\/caluaniemuelear.com\/?s={search_term_string}"},"query-input":{"@type":"PropertyValueSpecification","valueRequired":true,"valueName":"search_term_string"}}],"inLanguage":"de"},{"@type":"Organization","@id":"https:\/\/caluaniemuelear.com\/#organization","name":"Caluanie Muelear Oxidize","alternateName":"Caluanie Muelear Oxidize USA","url":"https:\/\/caluaniemuelear.com\/","logo":{"@type":"ImageObject","inLanguage":"de","@id":"https:\/\/caluaniemuelear.com\/#\/schema\/logo\/image\/","url":"https:\/\/caluaniemuelear.com\/wp-content\/uploads\/2025\/05\/cropped-WhatsApp-Image-2025-05-25-at-10.08.40-PM.webp","contentUrl":"https:\/\/caluaniemuelear.com\/wp-content\/uploads\/2025\/05\/cropped-WhatsApp-Image-2025-05-25-at-10.08.40-PM.webp","width":512,"height":512,"caption":"Caluanie Muelear Oxidize"},"image":{"@id":"https:\/\/caluaniemuelear.com\/#\/schema\/logo\/image\/"}}]}},"_links":{"self":[{"href":"https:\/\/caluaniemuelear.com\/de\/wp-json\/wp\/v2\/pages\/67","targetHints":{"allow":["GET"]}}],"collection":[{"href":"https:\/\/caluaniemuelear.com\/de\/wp-json\/wp\/v2\/pages"}],"about":[{"href":"https:\/\/caluaniemuelear.com\/de\/wp-json\/wp\/v2\/types\/page"}],"author":[{"embeddable":true,"href":"https:\/\/caluaniemuelear.com\/de\/wp-json\/wp\/v2\/users\/1"}],"replies":[{"embeddable":true,"href":"https:\/\/caluaniemuelear.com\/de\/wp-json\/wp\/v2\/comments?post=67"}],"version-history":[{"count":6,"href":"https:\/\/caluaniemuelear.com\/de\/wp-json\/wp\/v2\/pages\/67\/revisions"}],"predecessor-version":[{"id":305,"href":"https:\/\/caluaniemuelear.com\/de\/wp-json\/wp\/v2\/pages\/67\/revisions\/305"}],"wp:featuredmedia":[{"embeddable":true,"href":"https:\/\/caluaniemuelear.com\/de\/wp-json\/wp\/v2\/media\/38"}],"wp:attachment":[{"href":"https:\/\/caluaniemuelear.com\/de\/wp-json\/wp\/v2\/media?parent=67"}],"curies":[{"name":"wp","href":"https:\/\/api.w.org\/{rel}","templated":true}]}}