{"id":42,"date":"2025-05-26T03:30:37","date_gmt":"2025-05-26T03:30:37","guid":{"rendered":"https:\/\/caluaniemuelear.com\/?page_id=42"},"modified":"2025-06-01T22:07:12","modified_gmt":"2025-06-01T22:07:12","slug":"ve","status":"publish","type":"page","link":"https:\/\/caluaniemuelear.com\/vi\/ve\/","title":{"rendered":"V\u1ec1"},"content":{"rendered":"<h2 style=\"text-align: center;\" data-start=\"143\" data-end=\"484\">Nh\u1eefng \u0111i\u1ec1u c\u1ea7n bi\u1ebft<\/h2>\n<p data-start=\"143\" data-end=\"484\">Ch\u00e0o m\u1eebng b\u1ea1n \u0111\u1ebfn v\u1edbi Caluanie Muelear Made in USA, ngu\u1ed3n cung c\u1ea5p Caluanie Muelear Oxidize ch\u1ea5t l\u01b0\u1ee3ng cao h\u00e0ng \u0111\u1ea7u c\u1ee7a b\u1ea1n. Ch\u00fang t\u00f4i cam k\u1ebft cung c\u1ea5p c\u00e1c s\u1ea3n ph\u1ea9m \u0111\u1eb7c bi\u1ec7t, \u0111\u01b0\u1ee3c thi\u1ebft k\u1ebf ri\u00eang \u0111\u1ec3 \u0111\u00e1p \u1ee9ng nhu c\u1ea7u \u0111a d\u1ea1ng c\u1ee7a kh\u00e1ch h\u00e0ng, t\u1eeb c\u00e1c nh\u00e0 s\u1ea3n xu\u1ea5t c\u00f4ng nghi\u1ec7p \u0111\u1ebfn c\u00e1c c\u01a1 s\u1edf nghi\u00ean c\u1ee9u chuy\u00ean ng\u00e0nh.<\/p>\n<p data-start=\"143\" data-end=\"484\">L\u00e0 m\u1ed9t nh\u00e0 s\u1ea3n xu\u1ea5t M\u1ef9 \u0111\u1ea7y t\u1ef1 h\u00e0o, ch\u00fang t\u00f4i lu\u00f4n ch\u00fa tr\u1ecdng \u0111\u1ebfn ch\u1ea5t l\u01b0\u1ee3ng v\u00e0 \u0111\u1ed9 tin c\u1eady trong quy tr\u00ecnh s\u1ea3n xu\u1ea5t. Cam k\u1ebft v\u1ec1 s\u1ef1 xu\u1ea5t s\u1eafc c\u1ee7a ch\u00fang t\u00f4i \u0111\u1ea3m b\u1ea3o r\u1eb1ng m\u1ed7i l\u00f4 h\u00e0ng <a href=\"https:\/\/caluaniemuelear.com\/vi\/\">Caluanie Muelear Oxidize<\/a> tu\u00e2n th\u1ee7 c\u00e1c ti\u00eau chu\u1ea9n nghi\u00eam ng\u1eb7t c\u1ee7a ng\u00e0nh, cho ph\u00e9p kh\u00e1ch h\u00e0ng s\u1eed d\u1ee5ng s\u1ea3n ph\u1ea9m c\u1ee7a ch\u00fang t\u00f4i m\u1ed9t c\u00e1ch t\u1ef1 tin.<\/p>\n<h3 data-start=\"486\" data-end=\"502\">Ch\u00fang t\u00f4i l\u00e0 ai<\/h3>\n<p data-start=\"503\" data-end=\"855\">Ch\u00fang t\u00f4i chuy\u00ean v\u1ec1 <strong data-start=\"524\" data-end=\"547\">ph\u00e2n ph\u1ed1i to\u00e0n c\u1ea7u<\/strong> c\u1ee7a <a href=\"https:\/\/caluaniemuelear.com\/vi\/\">Caluanie Muelear Oxidize<\/a> \u2014 m\u1ed9t lo\u1ea1i h\u00f3a ch\u1ea5t m\u1ea1nh \u0111\u01b0\u1ee3c s\u1eed d\u1ee5ng r\u1ed9ng r\u00e3i trong c\u00e1c ng\u00e0nh c\u00f4ng nghi\u1ec7p nh\u01b0 luy\u1ec7n kim, ch\u1ebf bi\u1ebfn kim lo\u1ea1i qu\u00fd v\u00e0 th\u1eed nghi\u1ec7m v\u1eadt li\u1ec7u. D\u00f9 b\u1ea1n l\u00e0 doanh nghi\u1ec7p nh\u1ecf hay quy m\u00f4 l\u1edbn, ch\u00fang t\u00f4i \u0111\u1ec1u c\u00f3 \u0111\u1ee7 n\u0103ng l\u1ef1c \u0111\u00e1p \u1ee9ng nhu c\u1ea7u c\u1ee7a b\u1ea1n v\u1edbi d\u1ecbch v\u1ee5 giao h\u00e0ng an to\u00e0n, hi\u1ec7u qu\u1ea3 v\u00e0 nhanh ch\u00f3ng tr\u00ean kh\u1eafp c\u00e1c ch\u00e2u l\u1ee5c.<\/p>\n<h3 data-start=\"857\" data-end=\"876\">Nh\u1eefng g\u00ec ch\u00fang t\u00f4i cung c\u1ea5p<\/h3>\n<ul data-start=\"877\" data-end=\"1401\">\n<li data-start=\"877\" data-end=\"982\">\n<p data-start=\"879\" data-end=\"982\"><strong data-start=\"879\" data-end=\"921\">Caluanie Muelear Oxidize (N\u01b0\u1edbc n\u1eb7ng)<\/strong> \u2013 Ch\u1ea5t l\u01b0\u1ee3ng cao c\u1ea5p v\u00e0 \u0111\u00e3 \u0111\u01b0\u1ee3c ki\u1ec3m nghi\u1ec7m v\u1ec1 \u0111\u1ed9 tinh khi\u1ebft v\u00e0 hi\u1ec7u qu\u1ea3.<\/p>\n<\/li>\n<li data-start=\"983\" data-end=\"1088\">\n<p data-start=\"985\" data-end=\"1088\"><strong data-start=\"985\" data-end=\"1007\">V\u1eadn chuy\u1ec3n tr\u00ean to\u00e0n th\u1ebf gi\u1edbi<\/strong> \u2013 Ch\u00fang t\u00f4i giao h\u00e0ng qua <strong data-start=\"1022\" data-end=\"1045\">v\u1eadn t\u1ea3i h\u00e0ng kh\u00f4ng v\u00e0 \u0111\u01b0\u1eddng bi\u1ec3n<\/strong>, t\u00f9y thu\u1ed9c v\u00e0o v\u1ecb tr\u00ed v\u00e0 t\u00ednh c\u1ea5p b\u00e1ch c\u1ee7a b\u1ea1n.<\/p>\n<\/li>\n<li data-start=\"1089\" data-end=\"1219\">\n<p data-start=\"1091\" data-end=\"1219\"><strong data-start=\"1091\" data-end=\"1114\">Giao h\u00e0ng \u0111\u1ea3m b\u1ea3o<\/strong> \u2013 T\u1ea5t c\u1ea3 c\u00e1c \u0111\u01a1n h\u00e0ng \u0111\u1ec1u \u0111i k\u00e8m <strong data-start=\"1138\" data-end=\"1158\">s\u1ed1 theo d\u00f5i<\/strong> \u0111\u1ec3 b\u1ea1n c\u00f3 th\u1ec3 theo d\u00f5i l\u00f4 h\u00e0ng c\u1ee7a m\u00ecnh t\u1eeb khi g\u1eedi \u0111\u1ebfn khi giao h\u00e0ng.<\/p>\n<\/li>\n<li data-start=\"1220\" data-end=\"1401\">\n<p data-start=\"1222\" data-end=\"1401\"><strong data-start=\"1222\" data-end=\"1246\">T\u00e0i li\u1ec7u an to\u00e0n<\/strong> \u2013 \u0110\u1ed1i v\u1edbi nhu c\u1ea7u \u0111\u1ea3m b\u1ea3o v\u00e0 tu\u00e2n th\u1ee7 c\u1ee7a b\u1ea1n, ch\u00fang t\u00f4i cung c\u1ea5p <strong data-start=\"1303\" data-end=\"1340\">B\u1ea3ng d\u1eef li\u1ec7u an to\u00e0n v\u1eadt li\u1ec7u (MSDS)<\/strong> v\u00e0 m\u1ed9t <strong data-start=\"1347\" data-end=\"1380\">Gi\u1ea5y ch\u1ee9ng nh\u1eadn ph\u00e2n t\u00edch (COA)<\/strong> v\u1edbi m\u1ed7i l\u00f4 h\u00e0ng.<\/p>\n<\/li>\n<\/ul>\n<h3 data-start=\"1403\" data-end=\"1422\">T\u1ea1i sao ch\u1ecdn ch\u00fang t\u00f4i<\/h3>\n<ul data-start=\"1423\" data-end=\"1970\">\n<li data-start=\"1423\" data-end=\"1522\">\n<p data-start=\"1425\" data-end=\"1522\"><strong data-start=\"1425\" data-end=\"1444\">S\u1ea3n xu\u1ea5t t\u1ea1i Hoa K\u1ef3<\/strong> \u2013 T\u1ea5t c\u1ea3 s\u1ea3n ph\u1ea9m c\u1ee7a ch\u00fang t\u00f4i \u0111\u1ec1u \u0111\u01b0\u1ee3c s\u1ea3n xu\u1ea5t theo ti\u00eau chu\u1ea9n ki\u1ec3m so\u00e1t ch\u1ea5t l\u01b0\u1ee3ng nghi\u00eam ng\u1eb7t.<\/p>\n<\/li>\n<li data-start=\"1523\" data-end=\"1630\">\n<p data-start=\"1525\" data-end=\"1630\"><strong data-start=\"1525\" data-end=\"1541\">H\u1ed7 tr\u1ee3 24\/7<\/strong> \u2013 \u0110\u1ed9i ng\u0169 ch\u0103m s\u00f3c kh\u00e1ch h\u00e0ng t\u1eadn t\u00e2m c\u1ee7a ch\u00fang t\u00f4i lu\u00f4n s\u1eb5n s\u00e0ng <strong data-start=\"1593\" data-end=\"1613\">su\u1ed1t ng\u00e0y \u0111\u00eam<\/strong> \u0111\u1ec3 h\u1ed7 tr\u1ee3 b\u1ea1n.<\/p>\n<\/li>\n<li data-start=\"1631\" data-end=\"1874\">\n<p data-start=\"1633\" data-end=\"1701\"><strong data-start=\"1633\" data-end=\"1657\">Truy\u1ec1n th\u00f4ng an to\u00e0n<\/strong> \u2013 Li\u00ean h\u1ec7 v\u1edbi ch\u00fang t\u00f4i qua ph\u01b0\u01a1ng th\u1ee9c b\u1ea1n mu\u1ed1n:<\/p>\n<ul data-start=\"1704\" data-end=\"1874\">\n<li data-start=\"1704\" data-end=\"1763\">\n<p data-start=\"1706\" data-end=\"1763\"><strong data-start=\"1706\" data-end=\"1718\">WhatsApp<\/strong> \u0111\u1ec3 c\u1eadp nh\u1eadt nhanh ch\u00f3ng v\u00e0 giao ti\u1ebfp tr\u1ef1c ti\u1ebfp<\/p>\n<\/li>\n<li data-start=\"1766\" data-end=\"1819\">\n<p data-start=\"1768\" data-end=\"1819\"><strong data-start=\"1768\" data-end=\"1781\">Tr\u00f2 chuy\u1ec7n tr\u1ef1c ti\u1ebfp<\/strong> th\u00f4ng qua trang web c\u1ee7a ch\u00fang t\u00f4i \u0111\u1ec3 \u0111\u01b0\u1ee3c h\u1ed7 tr\u1ee3 ngay l\u1eadp t\u1ee9c<\/p>\n<\/li>\n<li data-start=\"1822\" data-end=\"1874\">\n<p data-start=\"1824\" data-end=\"1874\"><strong data-start=\"1824\" data-end=\"1833\">E-mail<\/strong> \u0111\u1ec3 y\u00eau c\u1ea7u ch\u00ednh th\u1ee9c v\u00e0 t\u00e0i li\u1ec7u<\/p>\n<\/li>\n<\/ul>\n<\/li>\n<li data-start=\"1875\" data-end=\"1970\">\n<p data-start=\"1877\" data-end=\"1970\"><strong data-start=\"1877\" data-end=\"1892\">\u0110\u1ed9 tin c\u1eady<\/strong> \u2013 Ch\u00fang t\u00f4i giao h\u00e0ng \u0111\u00fang h\u1eb9n v\u00e0 \u0111\u00fang nh\u01b0 \u0111\u00e3 h\u1ee9a, minh b\u1ea1ch trong m\u1ecdi giao d\u1ecbch.<\/p>\n<\/li>\n<\/ul>\n<h3 data-start=\"1972\" data-end=\"1989\">S\u1ee9 m\u1ec7nh c\u1ee7a ch\u00fang t\u00f4i<\/h3>\n<p data-start=\"1990\" data-end=\"2251\">S\u1ee9 m\u1ec7nh c\u1ee7a ch\u00fang t\u00f4i l\u00e0 tr\u1edf th\u00e0nh nh\u00e0 cung c\u1ea5p d\u1ecbch v\u1ee5 h\u00e0ng \u0111\u1ea7u <a href=\"https:\/\/caluaniemuelear.com\/vi\/\">Caluanie Muelear Oxidize<\/a>, cung c\u1ea5p gi\u00e1 c\u1ea3 c\u1ea1nh tranh, d\u1ecbch v\u1ee5 chuy\u00ean nghi\u1ec7p v\u00e0 ch\u1ea5t l\u01b0\u1ee3ng s\u1ea3n ph\u1ea9m tuy\u1ec7t \u0111\u1ed1i. Ch\u00fang t\u00f4i mong mu\u1ed1n x\u00e2y d\u1ef1ng m\u1ed1i quan h\u1ec7 l\u00e2u d\u00e0i v\u1edbi kh\u00e1ch h\u00e0ng b\u1eb1ng c\u00e1ch mang \u0111\u1ebfn s\u1ef1 ho\u00e0n h\u1ea3o trong t\u1eebng b\u01b0\u1edbc.<\/p>\n<p data-start=\"1990\" data-end=\"2251\">Kinh nghi\u1ec7m d\u00e0y d\u1eb7n trong l\u0129nh v\u1ef1c n\u00e0y gi\u00fap ch\u00fang t\u00f4i tr\u1edf th\u00e0nh \u0111\u01a1n v\u1ecb d\u1eabn \u0111\u1ea7u trong s\u1ea3n xu\u1ea5t v\u00e0 v\u1eadn chuy\u1ec3n Caluanie Muelear \u0111\u1ebfn c\u00e1c th\u1ecb tr\u01b0\u1eddng qu\u1ed1c t\u1ebf, bao g\u1ed3m c\u1ea3 Kazakhstan. Ch\u00fang t\u00f4i hi\u1ec3u t\u1ea7m quan tr\u1ecdng c\u1ee7a vi\u1ec7c giao h\u00e0ng \u0111\u00fang h\u1ea1n v\u00e0 s\u1ef1 h\u00e0i l\u00f2ng c\u1ee7a kh\u00e1ch h\u00e0ng, v\u00e0 lu\u00f4n n\u1ed7 l\u1ef1c v\u01b0\u1ee3t qua m\u1ecdi k\u1ef3 v\u1ecdng \u1edf m\u1ecdi b\u01b0\u1edbc.<\/p>\n<p data-start=\"1990\" data-end=\"2251\">T\u1ea1i Caluanie Muelear Made in USA, t\u00ednh b\u1ec1n v\u1eefng c\u0169ng l\u00e0 m\u1ed9t gi\u00e1 tr\u1ecb c\u1ed1t l\u00f5i. Ch\u00fang t\u00f4i cung c\u1ea5p c\u00e1c gi\u1ea3i ph\u00e1p t\u00e1i s\u1eed d\u1ee5ng cho Caluanie Muelear, ph\u00f9 h\u1ee3p v\u1edbi cam k\u1ebft th\u1ef1c h\u00e0nh th\u00e2n thi\u1ec7n v\u1edbi m\u00f4i tr\u01b0\u1eddng c\u1ee7a ch\u00fang t\u00f4i. C\u00e1c gi\u1ea3i ph\u00e1p n\u01b0\u1edbc n\u1eb7ng c\u1ee7a ch\u00fang t\u00f4i \u0111\u01b0\u1ee3c thi\u1ebft k\u1ebf \u0111\u1ec3 n\u00e2ng cao ho\u1ea1t \u0111\u1ed9ng c\u1ee7a b\u1ea1n \u0111\u1ed3ng th\u1eddi gi\u1ea3m thi\u1ec3u t\u00e1c \u0111\u1ed9ng \u0111\u1ebfn m\u00f4i tr\u01b0\u1eddng.<\/p>\n<p data-start=\"2258\" data-end=\"2401\"><strong data-start=\"2258\" data-end=\"2278\">Li\u00ean h\u1ec7 v\u1edbi ch\u00fang t\u00f4i ngay h\u00f4m nay<\/strong> \u0111\u1ec3 \u0111\u1eb7t h\u00e0ng ho\u1eb7c nh\u1eadn b\u00e1o gi\u00e1 mi\u1ec5n ph\u00ed. Cho d\u00f9 b\u1ea1n m\u1edbi s\u1eed d\u1ee5ng <a href=\"https:\/\/caluanieoxidizeusa.com\/\">Caluanie<\/a> ho\u1eb7c l\u00e0 ng\u01b0\u1eddi mua c\u00f3 kinh nghi\u1ec7m, nh\u00f3m c\u1ee7a ch\u00fang t\u00f4i lu\u00f4n s\u1eb5n s\u00e0ng tr\u1ee3 gi\u00fap.<\/p>\n<p><strong>V\u1ecb tr\u00ed c\u1ee7a ch\u00fang t\u00f4i<\/strong><\/p>\n<div class=\"wp-block-uagb-container uagb-block-649a83c8\">\n<div class=\"wp-block-uagb-info-box uagb-block-cb739fab uagb-infobox__content-wrap uagb-infobox-icon-left uagb-infobox-left uagb-infobox-image-valign-top\">\n<div class=\"uagb-ifb-content\">\n<p class=\"uagb-ifb-desc\">1 Seaport Ln #1300, Boston, MA 02210 Hoa K\u1ef3<\/p>\n<\/div>\n<\/div>\n<\/div>\n<p><iframe loading=\"lazy\" style=\"border: 0;\" src=\"https:\/\/www.google.com\/maps\/embed?pb=!1m18!1m12!1m3!1d2948.7003213513335!2d-71.0418516!3d42.3489122!2m3!1f0!2f0!3f0!3m2!1i1024!2i768!4f13.1!3m3!1m2!1s0x89e3707896428fb9%3A0xff7fd03411582335!2s1%20Seaport%20Ln%20%231300%2C%20Boston%2C%20MA%2002210!5e0!3m2!1sen!2sus!4v1748563444826!5m2!1sen!2sus\" width=\"600\" height=\"450\" allowfullscreen=\"allowfullscreen\" data-mce-fragment=\"1\"><\/iframe><\/p>","protected":false},"excerpt":{"rendered":"<p>What to Know Welcome to Caluanie Muelear Made in USA, your premier source for high-quality Caluanie Muelear Oxidize. We are dedicated to providing exceptional products tailored to meet the diverse needs of our clients, ranging from industrial manufacturers to specialized research facilities. As a proud American manufacturer, we emphasize quality and reliability in our production [&hellip;]<\/p>\n","protected":false},"author":1,"featured_media":38,"parent":0,"menu_order":0,"comment_status":"closed","ping_status":"closed","template":"","meta":{"_et_pb_use_builder":"","_et_pb_old_content":"","_et_gb_content_width":"","footnotes":""},"class_list":["post-42","page","type-page","status-publish","has-post-thumbnail","hentry"],"yoast_head":"<!-- This site is optimized with the Yoast SEO Premium plugin v23.9 (Yoast SEO v27.3) - https:\/\/yoast.com\/product\/yoast-seo-premium-wordpress\/ -->\n<title>About | Caluanie Muelear Oxidize<\/title>\n<meta name=\"description\" content=\"Welcome to Caluanie Muelear Made in USA, your premier source for high-quality Caluanie Muelear Oxidize. We are dedicated to providing except\" \/>\n<meta name=\"robots\" content=\"index, follow, max-snippet:-1, max-image-preview:large, max-video-preview:-1\" \/>\n<link rel=\"canonical\" href=\"https:\/\/caluaniemuelear.com\/vi\/ve\/\" \/>\n<meta property=\"og:locale\" content=\"vi_VN\" \/>\n<meta property=\"og:type\" content=\"article\" \/>\n<meta property=\"og:title\" content=\"About\" \/>\n<meta property=\"og:description\" content=\"Welcome to Caluanie Muelear Made in USA, your premier source for high-quality Caluanie Muelear Oxidize. We are dedicated to providing except\" \/>\n<meta property=\"og:url\" content=\"https:\/\/caluaniemuelear.com\/vi\/ve\/\" \/>\n<meta property=\"og:site_name\" content=\"Caluanie Muelear Oxidize\" \/>\n<meta property=\"article:modified_time\" content=\"2025-06-01T22:07:12+00:00\" \/>\n<meta property=\"og:image\" content=\"https:\/\/caluaniemuelear.com\/wp-content\/uploads\/2025\/05\/cropped-WhatsApp-Image-2025-05-25-at-10.08.40-PM.webp\" \/>\n\t<meta property=\"og:image:width\" content=\"512\" \/>\n\t<meta property=\"og:image:height\" content=\"512\" \/>\n\t<meta property=\"og:image:type\" content=\"image\/webp\" \/>\n<meta name=\"twitter:card\" content=\"summary_large_image\" \/>\n<meta name=\"twitter:label1\" content=\"\u01af\u1edbc t\u00ednh th\u1eddi gian \u0111\u1ecdc\" \/>\n\t<meta name=\"twitter:data1\" content=\"3 ph\u00fat\" \/>\n<script type=\"application\/ld+json\" class=\"yoast-schema-graph\">{\"@context\":\"https:\\\/\\\/schema.org\",\"@graph\":[{\"@type\":\"WebPage\",\"@id\":\"https:\\\/\\\/caluaniemuelear.com\\\/about\\\/\",\"url\":\"https:\\\/\\\/caluaniemuelear.com\\\/about\\\/\",\"name\":\"About | Caluanie Muelear Oxidize\",\"isPartOf\":{\"@id\":\"https:\\\/\\\/caluaniemuelear.com\\\/#website\"},\"primaryImageOfPage\":{\"@id\":\"https:\\\/\\\/caluaniemuelear.com\\\/about\\\/#primaryimage\"},\"image\":{\"@id\":\"https:\\\/\\\/caluaniemuelear.com\\\/about\\\/#primaryimage\"},\"thumbnailUrl\":\"https:\\\/\\\/caluaniemuelear.com\\\/wp-content\\\/uploads\\\/2025\\\/05\\\/cropped-WhatsApp-Image-2025-05-25-at-10.08.40-PM.webp\",\"datePublished\":\"2025-05-26T03:30:37+00:00\",\"dateModified\":\"2025-06-01T22:07:12+00:00\",\"description\":\"Welcome to Caluanie Muelear Made in USA, your premier source for high-quality Caluanie Muelear Oxidize. We are dedicated to providing except\",\"breadcrumb\":{\"@id\":\"https:\\\/\\\/caluaniemuelear.com\\\/about\\\/#breadcrumb\"},\"inLanguage\":\"vi\",\"potentialAction\":[{\"@type\":\"ReadAction\",\"target\":[\"https:\\\/\\\/caluaniemuelear.com\\\/about\\\/\"]}]},{\"@type\":\"ImageObject\",\"inLanguage\":\"vi\",\"@id\":\"https:\\\/\\\/caluaniemuelear.com\\\/about\\\/#primaryimage\",\"url\":\"https:\\\/\\\/caluaniemuelear.com\\\/wp-content\\\/uploads\\\/2025\\\/05\\\/cropped-WhatsApp-Image-2025-05-25-at-10.08.40-PM.webp\",\"contentUrl\":\"https:\\\/\\\/caluaniemuelear.com\\\/wp-content\\\/uploads\\\/2025\\\/05\\\/cropped-WhatsApp-Image-2025-05-25-at-10.08.40-PM.webp\",\"width\":512,\"height\":512,\"caption\":\"Caluanie Muelear Oxidize\"},{\"@type\":\"BreadcrumbList\",\"@id\":\"https:\\\/\\\/caluaniemuelear.com\\\/about\\\/#breadcrumb\",\"itemListElement\":[{\"@type\":\"ListItem\",\"position\":1,\"name\":\"Home\",\"item\":\"https:\\\/\\\/caluaniemuelear.com\\\/\"},{\"@type\":\"ListItem\",\"position\":2,\"name\":\"About\"}]},{\"@type\":\"WebSite\",\"@id\":\"https:\\\/\\\/caluaniemuelear.com\\\/#website\",\"url\":\"https:\\\/\\\/caluaniemuelear.com\\\/\",\"name\":\"Caluanie Muelear Oxidize\",\"description\":\"Caluanie Muelear Oxidize Made in USA\",\"publisher\":{\"@id\":\"https:\\\/\\\/caluaniemuelear.com\\\/#organization\"},\"alternateName\":\"Caluanie Muelear Oxidize USA\",\"potentialAction\":[{\"@type\":\"SearchAction\",\"target\":{\"@type\":\"EntryPoint\",\"urlTemplate\":\"https:\\\/\\\/caluaniemuelear.com\\\/?s={search_term_string}\"},\"query-input\":{\"@type\":\"PropertyValueSpecification\",\"valueRequired\":true,\"valueName\":\"search_term_string\"}}],\"inLanguage\":\"vi\"},{\"@type\":\"Organization\",\"@id\":\"https:\\\/\\\/caluaniemuelear.com\\\/#organization\",\"name\":\"Caluanie Muelear Oxidize\",\"alternateName\":\"Caluanie Muelear Oxidize USA\",\"url\":\"https:\\\/\\\/caluaniemuelear.com\\\/\",\"logo\":{\"@type\":\"ImageObject\",\"inLanguage\":\"vi\",\"@id\":\"https:\\\/\\\/caluaniemuelear.com\\\/#\\\/schema\\\/logo\\\/image\\\/\",\"url\":\"https:\\\/\\\/caluaniemuelear.com\\\/wp-content\\\/uploads\\\/2025\\\/05\\\/cropped-WhatsApp-Image-2025-05-25-at-10.08.40-PM.webp\",\"contentUrl\":\"https:\\\/\\\/caluaniemuelear.com\\\/wp-content\\\/uploads\\\/2025\\\/05\\\/cropped-WhatsApp-Image-2025-05-25-at-10.08.40-PM.webp\",\"width\":512,\"height\":512,\"caption\":\"Caluanie Muelear Oxidize\"},\"image\":{\"@id\":\"https:\\\/\\\/caluaniemuelear.com\\\/#\\\/schema\\\/logo\\\/image\\\/\"}}]}<\/script>\n<!-- \/ Yoast SEO Premium plugin. -->","yoast_head_json":{"title":"Gi\u1edbi thi\u1ec7u | Caluanie Muelear Oxidize","description":"Ch\u00e0o m\u1eebng b\u1ea1n \u0111\u1ebfn v\u1edbi Caluanie Muelear Made in USA, ngu\u1ed3n cung c\u1ea5p Caluanie Muelear Oxidize ch\u1ea5t l\u01b0\u1ee3ng cao h\u00e0ng \u0111\u1ea7u c\u1ee7a b\u1ea1n. Ch\u00fang t\u00f4i cam k\u1ebft cung c\u1ea5p ngo\u1ea1i tr\u1eeb","robots":{"index":"index","follow":"follow","max-snippet":"max-snippet:-1","max-image-preview":"max-image-preview:large","max-video-preview":"max-video-preview:-1"},"canonical":"https:\/\/caluaniemuelear.com\/vi\/ve\/","og_locale":"vi_VN","og_type":"article","og_title":"About","og_description":"Welcome to Caluanie Muelear Made in USA, your premier source for high-quality Caluanie Muelear Oxidize. We are dedicated to providing except","og_url":"https:\/\/caluaniemuelear.com\/vi\/ve\/","og_site_name":"Caluanie Muelear Oxidize","article_modified_time":"2025-06-01T22:07:12+00:00","og_image":[{"width":512,"height":512,"url":"https:\/\/caluaniemuelear.com\/wp-content\/uploads\/2025\/05\/cropped-WhatsApp-Image-2025-05-25-at-10.08.40-PM.webp","type":"image\/webp"}],"twitter_card":"summary_large_image","twitter_misc":{"\u01af\u1edbc t\u00ednh th\u1eddi gian \u0111\u1ecdc":"3 ph\u00fat"},"schema":{"@context":"https:\/\/schema.org","@graph":[{"@type":"WebPage","@id":"https:\/\/caluaniemuelear.com\/about\/","url":"https:\/\/caluaniemuelear.com\/about\/","name":"Gi\u1edbi thi\u1ec7u | Caluanie Muelear Oxidize","isPartOf":{"@id":"https:\/\/caluaniemuelear.com\/#website"},"primaryImageOfPage":{"@id":"https:\/\/caluaniemuelear.com\/about\/#primaryimage"},"image":{"@id":"https:\/\/caluaniemuelear.com\/about\/#primaryimage"},"thumbnailUrl":"https:\/\/caluaniemuelear.com\/wp-content\/uploads\/2025\/05\/cropped-WhatsApp-Image-2025-05-25-at-10.08.40-PM.webp","datePublished":"2025-05-26T03:30:37+00:00","dateModified":"2025-06-01T22:07:12+00:00","description":"Ch\u00e0o m\u1eebng b\u1ea1n \u0111\u1ebfn v\u1edbi Caluanie Muelear Made in USA, ngu\u1ed3n cung c\u1ea5p Caluanie Muelear Oxidize ch\u1ea5t l\u01b0\u1ee3ng cao h\u00e0ng \u0111\u1ea7u c\u1ee7a b\u1ea1n. Ch\u00fang t\u00f4i cam k\u1ebft cung c\u1ea5p ngo\u1ea1i tr\u1eeb","breadcrumb":{"@id":"https:\/\/caluaniemuelear.com\/about\/#breadcrumb"},"inLanguage":"vi","potentialAction":[{"@type":"ReadAction","target":["https:\/\/caluaniemuelear.com\/about\/"]}]},{"@type":"ImageObject","inLanguage":"vi","@id":"https:\/\/caluaniemuelear.com\/about\/#primaryimage","url":"https:\/\/caluaniemuelear.com\/wp-content\/uploads\/2025\/05\/cropped-WhatsApp-Image-2025-05-25-at-10.08.40-PM.webp","contentUrl":"https:\/\/caluaniemuelear.com\/wp-content\/uploads\/2025\/05\/cropped-WhatsApp-Image-2025-05-25-at-10.08.40-PM.webp","width":512,"height":512,"caption":"Caluanie Muelear Oxidize"},{"@type":"BreadcrumbList","@id":"https:\/\/caluaniemuelear.com\/about\/#breadcrumb","itemListElement":[{"@type":"ListItem","position":1,"name":"Home","item":"https:\/\/caluaniemuelear.com\/"},{"@type":"ListItem","position":2,"name":"About"}]},{"@type":"WebSite","@id":"https:\/\/caluaniemuelear.com\/#website","url":"https:\/\/caluaniemuelear.com\/","name":"Caluanie Muelear Oxidize","description":"Caluanie Muelear Oxidize S\u1ea3n xu\u1ea5t t\u1ea1i Hoa K\u1ef3","publisher":{"@id":"https:\/\/caluaniemuelear.com\/#organization"},"alternateName":"Caluanie Muelear Oxidize USA","potentialAction":[{"@type":"SearchAction","target":{"@type":"EntryPoint","urlTemplate":"https:\/\/caluaniemuelear.com\/?s={search_term_string}"},"query-input":{"@type":"PropertyValueSpecification","valueRequired":true,"valueName":"search_term_string"}}],"inLanguage":"vi"},{"@type":"Organization","@id":"https:\/\/caluaniemuelear.com\/#organization","name":"Caluanie Muelear Oxidize","alternateName":"Caluanie Muelear Oxidize USA","url":"https:\/\/caluaniemuelear.com\/","logo":{"@type":"ImageObject","inLanguage":"vi","@id":"https:\/\/caluaniemuelear.com\/#\/schema\/logo\/image\/","url":"https:\/\/caluaniemuelear.com\/wp-content\/uploads\/2025\/05\/cropped-WhatsApp-Image-2025-05-25-at-10.08.40-PM.webp","contentUrl":"https:\/\/caluaniemuelear.com\/wp-content\/uploads\/2025\/05\/cropped-WhatsApp-Image-2025-05-25-at-10.08.40-PM.webp","width":512,"height":512,"caption":"Caluanie Muelear Oxidize"},"image":{"@id":"https:\/\/caluaniemuelear.com\/#\/schema\/logo\/image\/"}}]}},"_links":{"self":[{"href":"https:\/\/caluaniemuelear.com\/vi\/wp-json\/wp\/v2\/pages\/42","targetHints":{"allow":["GET"]}}],"collection":[{"href":"https:\/\/caluaniemuelear.com\/vi\/wp-json\/wp\/v2\/pages"}],"about":[{"href":"https:\/\/caluaniemuelear.com\/vi\/wp-json\/wp\/v2\/types\/page"}],"author":[{"embeddable":true,"href":"https:\/\/caluaniemuelear.com\/vi\/wp-json\/wp\/v2\/users\/1"}],"replies":[{"embeddable":true,"href":"https:\/\/caluaniemuelear.com\/vi\/wp-json\/wp\/v2\/comments?post=42"}],"version-history":[{"count":8,"href":"https:\/\/caluaniemuelear.com\/vi\/wp-json\/wp\/v2\/pages\/42\/revisions"}],"predecessor-version":[{"id":246,"href":"https:\/\/caluaniemuelear.com\/vi\/wp-json\/wp\/v2\/pages\/42\/revisions\/246"}],"wp:featuredmedia":[{"embeddable":true,"href":"https:\/\/caluaniemuelear.com\/vi\/wp-json\/wp\/v2\/media\/38"}],"wp:attachment":[{"href":"https:\/\/caluaniemuelear.com\/vi\/wp-json\/wp\/v2\/media?parent=42"}],"curies":[{"name":"wp","href":"https:\/\/api.w.org\/{rel}","templated":true}]}}