{"id":44,"date":"2025-05-26T03:30:55","date_gmt":"2025-05-26T03:30:55","guid":{"rendered":"https:\/\/caluaniemuelear.com\/?page_id=44"},"modified":"2025-12-14T21:08:25","modified_gmt":"2025-12-14T21:08:25","slug":"lien-lac","status":"publish","type":"page","link":"https:\/\/caluaniemuelear.com\/vi\/lien-lac\/","title":{"rendered":"Li\u00ean h\u1ec7"},"content":{"rendered":"<h2 style=\"text-align: center;\" data-start=\"247\" data-end=\"263\">Get in Touch<\/h2>\r\n<p data-start=\"265\" data-end=\"476\">We&#8217;re here to assist you with any questions or inquiries about <a href=\"https:\/\/caluaniemuelear.com\/\"><strong data-start=\"328\" data-end=\"348\">Caluanie Muelear<\/strong><\/a> and our services. Whether you&#8217;re looking for product details, pricing, or partnership opportunities, our team is ready to help.<\/p>\r\n<p data-start=\"478\" data-end=\"549\">To ensure fast and convenient support, you can reach us easily through:<\/p>\r\n<ul data-start=\"551\" data-end=\"727\">\r\n<li data-start=\"551\" data-end=\"634\">\r\n<p data-start=\"553\" data-end=\"634\"><strong data-start=\"553\" data-end=\"565\">WhatsApp<\/strong> \u2013 Chat with us directly for quick responses and real-time support.<\/p>\r\n<\/li>\r\n<li data-start=\"635\" data-end=\"727\">\r\n<p data-start=\"637\" data-end=\"727\"><strong data-start=\"637\" data-end=\"653\">Contact Form<\/strong> \u2013 Fill out the form below, and we\u2019ll get back to you as soon as possible.<\/p>\r\n<\/li>\r\n<\/ul>\r\n<p data-start=\"729\" data-end=\"846\">Your satisfaction and confidentiality are our top priorities. Reach out today\u2014we look forward to connecting with you.<\/p>\r\n<p data-start=\"729\" data-end=\"846\"><style id=\"wpforms-css-vars-186\">\n\t\t\t\t#wpforms-186 {\n\t\t\t\t\n\t\t\t}\n\t\t\t<\/style><div class=\"wpforms-container wpforms-container-full wpforms-render-modern\" id=\"wpforms-186\"><form id=\"wpforms-form-186\" class=\"wpforms-validate wpforms-form wpforms-ajax-form\" data-formid=\"186\" method=\"post\" enctype=\"multipart\/form-data\" action=\"\/vi\/wp-json\/wp\/v2\/pages\/44\" data-token=\"15cbf70fef36576a4629eccfa7f063db\" data-token-time=\"1775433083\"><noscript class=\"wpforms-error-noscript\">Vui l\u00f2ng b\u1eadt JavaScript trong tr\u00ecnh duy\u1ec7t c\u1ee7a b\u1ea1n \u0111\u1ec3 ho\u00e0n th\u00e0nh Form n\u00e0y.<\/noscript><div id=\"wpforms-error-noscript\" style=\"display: none;\">Vui l\u00f2ng b\u1eadt JavaScript trong tr\u00ecnh duy\u1ec7t c\u1ee7a b\u1ea1n \u0111\u1ec3 ho\u00e0n th\u00e0nh Form n\u00e0y.<\/div><div class=\"wpforms-field-container\"><div id=\"wpforms-186-field_1-container\" class=\"wpforms-field wpforms-field-name\" data-field-id=\"1\"><fieldset><legend class=\"wpforms-field-label\">Name <span class=\"wpforms-required-label\" aria-hidden=\"true\">*<\/span><\/legend><div class=\"wpforms-field-row wpforms-field-medium\"><div class=\"wpforms-field-row-block wpforms-first wpforms-one-half\"><input type=\"text\" id=\"wpforms-186-field_1\" class=\"wpforms-field-name-first wpforms-field-required\" name=\"wpforms[fields][1][first]\" aria-errormessage=\"wpforms-186-field_1-error\" required><label for=\"wpforms-186-field_1\" class=\"wpforms-field-sublabel after\">T\u00ean<\/label><\/div><div class=\"wpforms-field-row-block wpforms-one-half\"><input type=\"text\" id=\"wpforms-186-field_1-last\" class=\"wpforms-field-name-last wpforms-field-required\" name=\"wpforms[fields][1][last]\" aria-errormessage=\"wpforms-186-field_1-last-error\" required><label for=\"wpforms-186-field_1-last\" class=\"wpforms-field-sublabel after\">H\u1ecd<\/label><\/div><\/div><\/fieldset><\/div><div id=\"wpforms-186-field_2-container\" class=\"wpforms-field wpforms-field-email\" data-field-id=\"2\"><label class=\"wpforms-field-label\" for=\"wpforms-186-field_2\">Email <span class=\"wpforms-required-label\" aria-hidden=\"true\">*<\/span><\/label><input type=\"email\" id=\"wpforms-186-field_2\" class=\"wpforms-field-medium wpforms-field-required\" name=\"wpforms[fields][2]\" spellcheck=\"false\" aria-errormessage=\"wpforms-186-field_2-error\" required><\/div><div id=\"wpforms-186-field_4-container\" class=\"wpforms-field wpforms-field-number\" data-field-id=\"4\"><label class=\"wpforms-field-label\" for=\"wpforms-186-field_4\">Phone Number <span class=\"wpforms-required-label\" aria-hidden=\"true\">*<\/span><\/label><input type=\"number\" id=\"wpforms-186-field_4\" class=\"wpforms-field-medium wpforms-field-required\" name=\"wpforms[fields][4]\" step=\"any\" aria-errormessage=\"wpforms-186-field_4-error\" required><\/div>\t\t<div id=\"wpforms-186-field_5-container\"\n\t\t\tclass=\"wpforms-field wpforms-field-text\"\n\t\t\tdata-field-type=\"text\"\n\t\t\tdata-field-id=\"5\"\n\t\t\t>\n\t\t\t<label class=\"wpforms-field-label\" for=\"wpforms-186-field_5\" >Name Phone Email<\/label>\n\t\t\t<input type=\"text\" id=\"wpforms-186-field_5\" class=\"wpforms-field-medium\" name=\"wpforms[fields][5]\" >\n\t\t<\/div>\n\t\t<div id=\"wpforms-186-field_3-container\" class=\"wpforms-field wpforms-field-textarea\" data-field-id=\"3\"><label class=\"wpforms-field-label\" for=\"wpforms-186-field_3\">Message <span class=\"wpforms-required-label\" aria-hidden=\"true\">*<\/span><\/label><textarea id=\"wpforms-186-field_3\" class=\"wpforms-field-medium wpforms-field-required\" name=\"wpforms[fields][3]\" aria-errormessage=\"wpforms-186-field_3-error\" required><\/textarea><\/div><script>\n\t\t\t\t( function() {\n\t\t\t\t\tconst style = document.createElement( 'style' );\n\t\t\t\t\tstyle.appendChild( document.createTextNode( '#wpforms-186-field_5-container { position: absolute !important; overflow: hidden !important; display: inline !important; height: 1px !important; width: 1px !important; z-index: -1000 !important; padding: 0 !important; } #wpforms-186-field_5-container input { visibility: hidden; } #wpforms-conversational-form-page #wpforms-186-field_5-container label { counter-increment: none; }' ) );\n\t\t\t\t\tdocument.head.appendChild( style );\n\t\t\t\t\tdocument.currentScript?.remove();\n\t\t\t\t} )();\n\t\t\t<\/script><\/div><!-- .wpforms-field-container --><div class=\"wpforms-submit-container\" ><input type=\"hidden\" name=\"wpforms[id]\" value=\"186\"><input type=\"hidden\" name=\"page_title\" value=\"\"><input type=\"hidden\" name=\"page_url\" value=\"https:\/\/caluaniemuelear.com\/vi\/wp-json\/wp\/v2\/pages\/44\"><input type=\"hidden\" name=\"url_referer\" value=\"\"><button type=\"submit\" name=\"wpforms[submit]\" id=\"wpforms-submit-186\" class=\"wpforms-submit\" data-alt-text=\"Sending...\" data-submit-text=\"Submit\" aria-live=\"assertive\" value=\"wpforms-submit\">Submit<\/button><img loading=\"lazy\" decoding=\"async\" src=\"https:\/\/caluaniemuelear.com\/wp-content\/plugins\/wpforms-lite\/assets\/images\/submit-spin.svg\" class=\"wpforms-submit-spinner\" style=\"display: none;\" width=\"26\" height=\"26\" alt=\"\u0110ang t\u1ea3i\"><\/div><\/form><\/div>  <!-- .wpforms-container --><\/p>\r\n<h3 style=\"text-align: center;\">\u00a0<\/h3>\r\n<h3 style=\"text-align: center;\">Contact Details<\/h3>\r\n<p><strong>Our Location<\/strong><\/p>\r\n<div class=\"wp-block-uagb-container uagb-block-649a83c8\">\r\n<div class=\"wp-block-uagb-info-box uagb-block-cb739fab uagb-infobox__content-wrap  uagb-infobox-icon-left uagb-infobox-left uagb-infobox-image-valign-top\">\r\n<div class=\"uagb-ifb-content\">\r\n<p class=\"uagb-ifb-desc\">1 Seaport Ln #1300, Boston, MA 02210 USA<\/p>\r\n<\/div>\r\n<\/div>\r\n<p>&nbsp;<\/p>\r\n<p><strong>Our Email<\/strong><\/p>\r\n<div class=\"wp-block-uagb-info-box uagb-block-f2bde35f uagb-infobox__content-wrap  uagb-infobox-icon-left uagb-infobox-left uagb-infobox-image-valign-top\">\r\n<div class=\"uagb-ifb-content\">\r\n<p class=\"uagb-ifb-desc\">support@caluaniemuelear.com<\/p>\r\n<\/div>\r\n<\/div>\r\n<p>&nbsp;<\/p>\r\n<p><strong>Call Us<\/strong><\/p>\r\n<p>+1(617) 408-0000<\/p>\r\n<\/div>\r\n<p>&nbsp;<\/p>\r\n<p>&nbsp;<\/p>\r\n<h3 style=\"text-align: left;\">Location Map<\/h3>\r\n<p>&nbsp;<\/p>\r\n\r\n<p><iframe loading=\"lazy\" style=\"border: 0;\" src=\"https:\/\/www.google.com\/maps\/embed?pb=!1m18!1m12!1m3!1d2948.7003213513335!2d-71.0418516!3d42.3489122!2m3!1f0!2f0!3f0!3m2!1i1024!2i768!4f13.1!3m3!1m2!1s0x89e3707896428fb9%3A0xff7fd03411582335!2s1%20Seaport%20Ln%20%231300%2C%20Boston%2C%20MA%2002210!5e0!3m2!1sen!2sus!4v1748563444826!5m2!1sen!2sus\" width=\"600\" height=\"450\" allowfullscreen=\"allowfullscreen\"><\/iframe><\/p>\r\n","protected":false},"excerpt":{"rendered":"<p>Get in Touch We&#8217;re here to assist you with any questions or inquiries about Caluanie Muelear and our services. Whether you&#8217;re looking for product details, pricing, or partnership opportunities, our team is ready to help. To ensure fast and convenient support, you can reach us easily through: WhatsApp \u2013 Chat with us directly for quick [&hellip;]<\/p>\n","protected":false},"author":1,"featured_media":38,"parent":0,"menu_order":0,"comment_status":"closed","ping_status":"closed","template":"","meta":{"_et_pb_use_builder":"","_et_pb_old_content":"","_et_gb_content_width":"","footnotes":""},"class_list":["post-44","page","type-page","status-publish","has-post-thumbnail","hentry"],"yoast_head":"<!-- This site is optimized with the Yoast SEO Premium plugin v23.9 (Yoast SEO v27.3) - https:\/\/yoast.com\/product\/yoast-seo-premium-wordpress\/ -->\n<title>Get in Touch | Caluanie Muelear Oxidize<\/title>\n<meta name=\"description\" content=\"We&#039;re here to assist you with any questions or inquiries about Caluanie Muelear and our services. Whether you&#039;re looking for product details,\" \/>\n<meta name=\"robots\" content=\"index, follow, max-snippet:-1, max-image-preview:large, max-video-preview:-1\" \/>\n<link rel=\"canonical\" href=\"https:\/\/caluaniemuelear.com\/vi\/lien-lac\/\" \/>\n<meta property=\"og:locale\" content=\"vi_VN\" \/>\n<meta property=\"og:type\" content=\"article\" \/>\n<meta property=\"og:title\" content=\"Get in Touch\" \/>\n<meta property=\"og:description\" content=\"We&#039;re here to assist you with any questions or inquiries about Caluanie Muelear and our services. Whether you&#039;re looking for product details,\" \/>\n<meta property=\"og:url\" content=\"https:\/\/caluaniemuelear.com\/vi\/lien-lac\/\" \/>\n<meta property=\"og:site_name\" content=\"Caluanie Muelear Oxidize\" \/>\n<meta property=\"article:modified_time\" content=\"2025-12-14T21:08:25+00:00\" \/>\n<meta property=\"og:image\" content=\"https:\/\/caluaniemuelear.com\/wp-content\/uploads\/2025\/05\/cropped-WhatsApp-Image-2025-05-25-at-10.08.40-PM.webp\" \/>\n\t<meta property=\"og:image:width\" content=\"512\" \/>\n\t<meta property=\"og:image:height\" content=\"512\" \/>\n\t<meta property=\"og:image:type\" content=\"image\/webp\" \/>\n<meta name=\"twitter:card\" content=\"summary_large_image\" \/>\n<meta name=\"twitter:label1\" content=\"\u01af\u1edbc t\u00ednh th\u1eddi gian \u0111\u1ecdc\" \/>\n\t<meta name=\"twitter:data1\" content=\"1 ph\u00fat\" \/>\n<script type=\"application\/ld+json\" class=\"yoast-schema-graph\">{\"@context\":\"https:\\\/\\\/schema.org\",\"@graph\":[{\"@type\":\"WebPage\",\"@id\":\"https:\\\/\\\/caluaniemuelear.com\\\/get-in-touch\\\/\",\"url\":\"https:\\\/\\\/caluaniemuelear.com\\\/get-in-touch\\\/\",\"name\":\"Get in Touch | Caluanie Muelear Oxidize\",\"isPartOf\":{\"@id\":\"https:\\\/\\\/caluaniemuelear.com\\\/#website\"},\"primaryImageOfPage\":{\"@id\":\"https:\\\/\\\/caluaniemuelear.com\\\/get-in-touch\\\/#primaryimage\"},\"image\":{\"@id\":\"https:\\\/\\\/caluaniemuelear.com\\\/get-in-touch\\\/#primaryimage\"},\"thumbnailUrl\":\"https:\\\/\\\/caluaniemuelear.com\\\/wp-content\\\/uploads\\\/2025\\\/05\\\/cropped-WhatsApp-Image-2025-05-25-at-10.08.40-PM.webp\",\"datePublished\":\"2025-05-26T03:30:55+00:00\",\"dateModified\":\"2025-12-14T21:08:25+00:00\",\"description\":\"We're here to assist you with any questions or inquiries about Caluanie Muelear and our services. Whether you're looking for product details,\",\"breadcrumb\":{\"@id\":\"https:\\\/\\\/caluaniemuelear.com\\\/get-in-touch\\\/#breadcrumb\"},\"inLanguage\":\"vi\",\"potentialAction\":[{\"@type\":\"ReadAction\",\"target\":[\"https:\\\/\\\/caluaniemuelear.com\\\/get-in-touch\\\/\"]}]},{\"@type\":\"ImageObject\",\"inLanguage\":\"vi\",\"@id\":\"https:\\\/\\\/caluaniemuelear.com\\\/get-in-touch\\\/#primaryimage\",\"url\":\"https:\\\/\\\/caluaniemuelear.com\\\/wp-content\\\/uploads\\\/2025\\\/05\\\/cropped-WhatsApp-Image-2025-05-25-at-10.08.40-PM.webp\",\"contentUrl\":\"https:\\\/\\\/caluaniemuelear.com\\\/wp-content\\\/uploads\\\/2025\\\/05\\\/cropped-WhatsApp-Image-2025-05-25-at-10.08.40-PM.webp\",\"width\":512,\"height\":512,\"caption\":\"Caluanie Muelear Oxidize\"},{\"@type\":\"BreadcrumbList\",\"@id\":\"https:\\\/\\\/caluaniemuelear.com\\\/get-in-touch\\\/#breadcrumb\",\"itemListElement\":[{\"@type\":\"ListItem\",\"position\":1,\"name\":\"Home\",\"item\":\"https:\\\/\\\/caluaniemuelear.com\\\/\"},{\"@type\":\"ListItem\",\"position\":2,\"name\":\"Get in Touch\"}]},{\"@type\":\"WebSite\",\"@id\":\"https:\\\/\\\/caluaniemuelear.com\\\/#website\",\"url\":\"https:\\\/\\\/caluaniemuelear.com\\\/\",\"name\":\"Caluanie Muelear Oxidize\",\"description\":\"Caluanie Muelear Oxidize Made in USA\",\"publisher\":{\"@id\":\"https:\\\/\\\/caluaniemuelear.com\\\/#organization\"},\"alternateName\":\"Caluanie Muelear Oxidize USA\",\"potentialAction\":[{\"@type\":\"SearchAction\",\"target\":{\"@type\":\"EntryPoint\",\"urlTemplate\":\"https:\\\/\\\/caluaniemuelear.com\\\/?s={search_term_string}\"},\"query-input\":{\"@type\":\"PropertyValueSpecification\",\"valueRequired\":true,\"valueName\":\"search_term_string\"}}],\"inLanguage\":\"vi\"},{\"@type\":\"Organization\",\"@id\":\"https:\\\/\\\/caluaniemuelear.com\\\/#organization\",\"name\":\"Caluanie Muelear Oxidize\",\"alternateName\":\"Caluanie Muelear Oxidize USA\",\"url\":\"https:\\\/\\\/caluaniemuelear.com\\\/\",\"logo\":{\"@type\":\"ImageObject\",\"inLanguage\":\"vi\",\"@id\":\"https:\\\/\\\/caluaniemuelear.com\\\/#\\\/schema\\\/logo\\\/image\\\/\",\"url\":\"https:\\\/\\\/caluaniemuelear.com\\\/wp-content\\\/uploads\\\/2025\\\/05\\\/cropped-WhatsApp-Image-2025-05-25-at-10.08.40-PM.webp\",\"contentUrl\":\"https:\\\/\\\/caluaniemuelear.com\\\/wp-content\\\/uploads\\\/2025\\\/05\\\/cropped-WhatsApp-Image-2025-05-25-at-10.08.40-PM.webp\",\"width\":512,\"height\":512,\"caption\":\"Caluanie Muelear Oxidize\"},\"image\":{\"@id\":\"https:\\\/\\\/caluaniemuelear.com\\\/#\\\/schema\\\/logo\\\/image\\\/\"}}]}<\/script>\n<!-- \/ Yoast SEO Premium plugin. -->","yoast_head_json":{"title":"Li\u00ean h\u1ec7 | Caluanie Muelear Oxidize","description":"Ch\u00fang t\u00f4i lu\u00f4n s\u1eb5n s\u00e0ng h\u1ed7 tr\u1ee3 b\u1ea1n gi\u1ea3i \u0111\u00e1p m\u1ecdi th\u1eafc m\u1eafc v\u1ec1 Caluanie Muelear v\u00e0 c\u00e1c d\u1ecbch v\u1ee5 c\u1ee7a ch\u00fang t\u00f4i. Cho d\u00f9 b\u1ea1n \u0111ang t\u00ecm ki\u1ebfm th\u00f4ng tin chi ti\u1ebft v\u1ec1 s\u1ea3n ph\u1ea9m,","robots":{"index":"index","follow":"follow","max-snippet":"max-snippet:-1","max-image-preview":"max-image-preview:large","max-video-preview":"max-video-preview:-1"},"canonical":"https:\/\/caluaniemuelear.com\/vi\/lien-lac\/","og_locale":"vi_VN","og_type":"article","og_title":"Get in Touch","og_description":"We're here to assist you with any questions or inquiries about Caluanie Muelear and our services. Whether you're looking for product details,","og_url":"https:\/\/caluaniemuelear.com\/vi\/lien-lac\/","og_site_name":"Caluanie Muelear Oxidize","article_modified_time":"2025-12-14T21:08:25+00:00","og_image":[{"width":512,"height":512,"url":"https:\/\/caluaniemuelear.com\/wp-content\/uploads\/2025\/05\/cropped-WhatsApp-Image-2025-05-25-at-10.08.40-PM.webp","type":"image\/webp"}],"twitter_card":"summary_large_image","twitter_misc":{"\u01af\u1edbc t\u00ednh th\u1eddi gian \u0111\u1ecdc":"1 ph\u00fat"},"schema":{"@context":"https:\/\/schema.org","@graph":[{"@type":"WebPage","@id":"https:\/\/caluaniemuelear.com\/get-in-touch\/","url":"https:\/\/caluaniemuelear.com\/get-in-touch\/","name":"Li\u00ean h\u1ec7 | Caluanie Muelear Oxidize","isPartOf":{"@id":"https:\/\/caluaniemuelear.com\/#website"},"primaryImageOfPage":{"@id":"https:\/\/caluaniemuelear.com\/get-in-touch\/#primaryimage"},"image":{"@id":"https:\/\/caluaniemuelear.com\/get-in-touch\/#primaryimage"},"thumbnailUrl":"https:\/\/caluaniemuelear.com\/wp-content\/uploads\/2025\/05\/cropped-WhatsApp-Image-2025-05-25-at-10.08.40-PM.webp","datePublished":"2025-05-26T03:30:55+00:00","dateModified":"2025-12-14T21:08:25+00:00","description":"Ch\u00fang t\u00f4i lu\u00f4n s\u1eb5n s\u00e0ng h\u1ed7 tr\u1ee3 b\u1ea1n gi\u1ea3i \u0111\u00e1p m\u1ecdi th\u1eafc m\u1eafc v\u1ec1 Caluanie Muelear v\u00e0 c\u00e1c d\u1ecbch v\u1ee5 c\u1ee7a ch\u00fang t\u00f4i. Cho d\u00f9 b\u1ea1n \u0111ang t\u00ecm ki\u1ebfm th\u00f4ng tin chi ti\u1ebft v\u1ec1 s\u1ea3n ph\u1ea9m,","breadcrumb":{"@id":"https:\/\/caluaniemuelear.com\/get-in-touch\/#breadcrumb"},"inLanguage":"vi","potentialAction":[{"@type":"ReadAction","target":["https:\/\/caluaniemuelear.com\/get-in-touch\/"]}]},{"@type":"ImageObject","inLanguage":"vi","@id":"https:\/\/caluaniemuelear.com\/get-in-touch\/#primaryimage","url":"https:\/\/caluaniemuelear.com\/wp-content\/uploads\/2025\/05\/cropped-WhatsApp-Image-2025-05-25-at-10.08.40-PM.webp","contentUrl":"https:\/\/caluaniemuelear.com\/wp-content\/uploads\/2025\/05\/cropped-WhatsApp-Image-2025-05-25-at-10.08.40-PM.webp","width":512,"height":512,"caption":"Caluanie Muelear Oxidize"},{"@type":"BreadcrumbList","@id":"https:\/\/caluaniemuelear.com\/get-in-touch\/#breadcrumb","itemListElement":[{"@type":"ListItem","position":1,"name":"Home","item":"https:\/\/caluaniemuelear.com\/"},{"@type":"ListItem","position":2,"name":"Get in Touch"}]},{"@type":"WebSite","@id":"https:\/\/caluaniemuelear.com\/#website","url":"https:\/\/caluaniemuelear.com\/","name":"Caluanie Muelear Oxidize","description":"Caluanie Muelear Oxidize S\u1ea3n xu\u1ea5t t\u1ea1i Hoa K\u1ef3","publisher":{"@id":"https:\/\/caluaniemuelear.com\/#organization"},"alternateName":"Caluanie Muelear Oxidize USA","potentialAction":[{"@type":"SearchAction","target":{"@type":"EntryPoint","urlTemplate":"https:\/\/caluaniemuelear.com\/?s={search_term_string}"},"query-input":{"@type":"PropertyValueSpecification","valueRequired":true,"valueName":"search_term_string"}}],"inLanguage":"vi"},{"@type":"Organization","@id":"https:\/\/caluaniemuelear.com\/#organization","name":"Caluanie Muelear Oxidize","alternateName":"Caluanie Muelear Oxidize USA","url":"https:\/\/caluaniemuelear.com\/","logo":{"@type":"ImageObject","inLanguage":"vi","@id":"https:\/\/caluaniemuelear.com\/#\/schema\/logo\/image\/","url":"https:\/\/caluaniemuelear.com\/wp-content\/uploads\/2025\/05\/cropped-WhatsApp-Image-2025-05-25-at-10.08.40-PM.webp","contentUrl":"https:\/\/caluaniemuelear.com\/wp-content\/uploads\/2025\/05\/cropped-WhatsApp-Image-2025-05-25-at-10.08.40-PM.webp","width":512,"height":512,"caption":"Caluanie Muelear Oxidize"},"image":{"@id":"https:\/\/caluaniemuelear.com\/#\/schema\/logo\/image\/"}}]}},"_links":{"self":[{"href":"https:\/\/caluaniemuelear.com\/vi\/wp-json\/wp\/v2\/pages\/44","targetHints":{"allow":["GET"]}}],"collection":[{"href":"https:\/\/caluaniemuelear.com\/vi\/wp-json\/wp\/v2\/pages"}],"about":[{"href":"https:\/\/caluaniemuelear.com\/vi\/wp-json\/wp\/v2\/types\/page"}],"author":[{"embeddable":true,"href":"https:\/\/caluaniemuelear.com\/vi\/wp-json\/wp\/v2\/users\/1"}],"replies":[{"embeddable":true,"href":"https:\/\/caluaniemuelear.com\/vi\/wp-json\/wp\/v2\/comments?post=44"}],"version-history":[{"count":9,"href":"https:\/\/caluaniemuelear.com\/vi\/wp-json\/wp\/v2\/pages\/44\/revisions"}],"predecessor-version":[{"id":301,"href":"https:\/\/caluaniemuelear.com\/vi\/wp-json\/wp\/v2\/pages\/44\/revisions\/301"}],"wp:featuredmedia":[{"embeddable":true,"href":"https:\/\/caluaniemuelear.com\/vi\/wp-json\/wp\/v2\/media\/38"}],"wp:attachment":[{"href":"https:\/\/caluaniemuelear.com\/vi\/wp-json\/wp\/v2\/media?parent=44"}],"curies":[{"name":"wp","href":"https:\/\/api.w.org\/{rel}","templated":true}]}}