{"id":61,"date":"2025-05-26T04:55:56","date_gmt":"2025-05-26T04:55:56","guid":{"rendered":"https:\/\/caluaniemuelear.com\/cart\/"},"modified":"2025-06-01T22:07:46","modified_gmt":"2025-06-01T22:07:46","slug":"xe-day","status":"publish","type":"page","link":"https:\/\/caluaniemuelear.com\/vi\/xe-day\/","title":{"rendered":"Xe \u0111\u1ea9y"},"content":{"rendered":"<div data-block-name=\"woocommerce\/cart\" class=\"wp-block-woocommerce-cart alignwide is-loading\">\r\n<div data-block-name=\"woocommerce\/filled-cart-block\" class=\"wp-block-woocommerce-filled-cart-block\">\r\n<div data-block-name=\"woocommerce\/cart-items-block\" class=\"wp-block-woocommerce-cart-items-block\">\r\n<div data-block-name=\"woocommerce\/cart-line-items-block\" class=\"wp-block-woocommerce-cart-line-items-block\">\r\n<h2 style=\"text-align: center;\" data-start=\"141\" data-end=\"183\">Gi\u1ecf h\u00e0ng c\u1ee7a t\u00f4i \u2013 Caluanie Muelear S\u1ea3n xu\u1ea5t t\u1ea1i Hoa K\u1ef3<\/h2>\r\n<p data-start=\"185\" data-end=\"531\">Ch\u00e0o m\u1eebng b\u1ea1n \u0111\u1ebfn v\u1edbi gi\u1ecf h\u00e0ng! B\u1ea1n ch\u1ec9 c\u00f2n v\u00e0i b\u01b0\u1edbc n\u1eefa l\u00e0 c\u00f3 th\u1ec3 s\u1edf h\u1eefu s\u1ea3n ph\u1ea9m ch\u1ea5t l\u01b0\u1ee3ng cao <a href=\"https:\/\/caluaniemuelear.com\/vi\/hoa-chat\/\"><strong data-start=\"263\" data-end=\"291\">Caluanie Muelear Oxidize<\/strong><\/a> S\u1ea3n ph\u1ea9m \u0111\u01b0\u1ee3c s\u1ea3n xu\u1ea5t t\u1ea1i Hoa K\u1ef3. Vui l\u00f2ng xem l\u1ea1i c\u00e1c s\u1ea3n ph\u1ea9m b\u1ea1n \u0111\u00e3 ch\u1ecdn b\u00ean d\u01b0\u1edbi, th\u1ef1c hi\u1ec7n b\u1ea5t k\u1ef3 thay \u0111\u1ed5i n\u00e0o c\u1ea7n thi\u1ebft v\u00e0 ti\u1ebfn h\u00e0nh thanh to\u00e1n khi b\u1ea1n \u0111\u00e3 s\u1eb5n s\u00e0ng. Ch\u00fang t\u00f4i cam k\u1ebft cung c\u1ea5p c\u00e1c gi\u1ea3i ph\u00e1p \u0111\u00e1ng tin c\u1eady, \u0111\u1ea1t chu\u1ea9n c\u00f4ng nghi\u1ec7p v\u1edbi t\u1ed1c \u0111\u1ed9, b\u1ea3o m\u1eadt v\u00e0 s\u1ef1 h\u00e0i l\u00f2ng.<\/p>\r\n<p data-start=\"533\" data-end=\"590\">B\u1ea1n c\u1ea7n tr\u1ee3 gi\u00fap? \u0110\u1ed9i ng\u0169 h\u1ed7 tr\u1ee3 c\u1ee7a ch\u00fang t\u00f4i lu\u00f4n s\u1eb5n s\u00e0ng h\u1ed7 tr\u1ee3 b\u1ea1n.<\/p>\r\n<\/div>\r\n\r\n\r\n\r\n<div data-block-name=\"woocommerce\/cart-cross-sells-block\" class=\"wp-block-woocommerce-cart-cross-sells-block\">\r\n<h2 class=\"wp-block-heading has-large-font-size\">B\u1ea1n c\u00f3 th\u1ec3 quan t\u00e2m \u0111\u1ebfn\u2026<\/h2>\r\n\r\n\r\n\r\n<div data-block-name=\"woocommerce\/cart-cross-sells-products-block\" class=\"wp-block-woocommerce-cart-cross-sells-products-block\">\u00a0<\/div>\r\n<\/div>\r\n<\/div>\r\n\r\n\r\n\r\n<div data-block-name=\"woocommerce\/cart-totals-block\" class=\"wp-block-woocommerce-cart-totals-block\">\r\n<div data-block-name=\"woocommerce\/cart-order-summary-block\" class=\"wp-block-woocommerce-cart-order-summary-block\">\r\n<div data-block-name=\"woocommerce\/cart-order-summary-heading-block\" class=\"wp-block-woocommerce-cart-order-summary-heading-block\">\u00a0<\/div>\r\n\r\n\r\n\r\n<div data-block-name=\"woocommerce\/cart-order-summary-coupon-form-block\" class=\"wp-block-woocommerce-cart-order-summary-coupon-form-block\">\u00a0<\/div>\r\n\r\n\r\n\r\n\r\n\r\n\r\n\r\n\r\n\r\n\r\n\r\n\r\n\r\n\r\n\r\n\r\n\r\n\r\n\r\n<div data-block-name=\"woocommerce\/cart-order-summary-totals-block\" class=\"wp-block-woocommerce-cart-order-summary-totals-block\">\n<div data-block-name=\"woocommerce\/cart-order-summary-subtotal-block\" class=\"wp-block-woocommerce-cart-order-summary-subtotal-block\">\u00a0<\/div>\n<div data-block-name=\"woocommerce\/cart-order-summary-discount-block\" class=\"wp-block-woocommerce-cart-order-summary-discount-block\">\u00a0<\/div>\n<div data-block-name=\"woocommerce\/cart-order-summary-fee-block\" class=\"wp-block-woocommerce-cart-order-summary-fee-block\">\u00a0<\/div>\n<div data-block-name=\"woocommerce\/cart-order-summary-shipping-block\" class=\"wp-block-woocommerce-cart-order-summary-shipping-block\">\u00a0<\/div>\n<div data-block-name=\"woocommerce\/cart-order-summary-taxes-block\" class=\"wp-block-woocommerce-cart-order-summary-taxes-block\">\u00a0<\/div><\/div>\r\n<\/div>\r\n\r\n\r\n\r\n<div data-block-name=\"woocommerce\/cart-express-payment-block\" class=\"wp-block-woocommerce-cart-express-payment-block\">\u00a0<\/div>\r\n\r\n\r\n\r\n<div data-block-name=\"woocommerce\/proceed-to-checkout-block\" class=\"wp-block-woocommerce-proceed-to-checkout-block\">\u00a0<\/div>\r\n\r\n\r\n\r\n<div data-block-name=\"woocommerce\/cart-accepted-payment-methods-block\" class=\"wp-block-woocommerce-cart-accepted-payment-methods-block\">\u00a0<\/div>\r\n<\/div>\r\n<\/div>\r\n\r\n\r\n\r\n<div data-block-name=\"woocommerce\/empty-cart-block\" class=\"wp-block-woocommerce-empty-cart-block\">\r\n<h2 class=\"wp-block-heading has-text-align-center with-empty-cart-icon wc-block-cart__empty-cart__title\">Gi\u1ecf h\u00e0ng c\u1ee7a b\u1ea1n hi\u1ec7n \u0111ang tr\u1ed1ng!<\/h2>\r\n\r\n\r\n<hr class=\"wp-block-separator has-alpha-channel-opacity is-style-dots\" \/>\r\n\r\n\r\n<h2 class=\"wp-block-heading has-text-align-center\">M\u1edbi trong c\u1eeda h\u00e0ng<\/h2>\r\n\r\n\r\n<div data-block-name=\"woocommerce\/product-new\" data-columns=\"4\" data-rows=\"1\" class=\"wc-block-grid wp-block-product-new wp-block-woocommerce-product-new wc-block-product-new has-4-columns\"><ul class=\"wc-block-grid__products\"><li class=\"wc-block-grid__product\">\n\t\t\t\t<a href=\"https:\/\/caluaniemuelear.com\/vi\/product\/caluanie-muelear-oxidized-100liters\/\" class=\"wc-block-grid__product-link\">\n\t\t\t\t\t<div class=\"wc-block-grid__product-onsale\">\n\t\t\t<span aria-hidden=\"true\" data-no-translation=\"\" data-trp-gettext=\"\">Doanh thu<\/span>\n\t\t\t<span class=\"screen-reader-text\" data-no-translation=\"\" data-trp-gettext=\"\">S\u1ea3n ph\u1ea9m \u0111ang b\u00e1n<\/span>\n\t\t<\/div>\n\t\t\t\t\t<div class=\"wc-block-grid__product-image\"><img loading=\"lazy\" decoding=\"async\" width=\"300\" height=\"300\" src=\"https:\/\/caluaniemuelear.com\/wp-content\/uploads\/2025\/05\/100-Liters-Caluanie-Muelear-1-300x300.webp\" class=\"attachment-woocommerce_thumbnail size-woocommerce_thumbnail\" alt=\"Caluanie Muelear Oxidize 100 l\u00edt\" \/><\/div>\n\t\t\t\t\t<div class=\"wc-block-grid__product-title\">Caluanie Muelear Oxidize 100Liters<\/div>\n\t\t\t\t<\/a>\n\t\t\t\t<div class=\"wc-block-grid__product-price price\"><span class=\"woocommerce-Price-amount amount\" aria-hidden=\"true\"><span class=\"woocommerce-Price-currencySymbol\">&#036;<\/span>48,850.00<\/span> <span aria-hidden=\"true\">\u2013<\/span> <span class=\"woocommerce-Price-amount amount\" aria-hidden=\"true\"><span class=\"woocommerce-Price-currencySymbol\">&#036;<\/span>50,000.00<\/span><span class=\"screen-reader-text\" data-no-translation=\"\" data-trp-gettext=\"\">Kho\u1ea3ng gi\u00e1: &#036;48,850.00 \u0111\u1ebfn &#036;50,000.00<\/span><\/div>\n\t\t\t\t\n\t\t\t\t<div class=\"wp-block-button wc-block-grid__product-add-to-cart\"><a href=\"https:\/\/caluaniemuelear.com\/vi\/product\/caluanie-muelear-oxidized-100liters\/\" aria-label=\"Ch\u1ecdn t\u00f9y ch\u1ecdn cho \u201cCaluanie Muelear Oxidize 100Liters\u201d\" data-quantity=\"1\" data-product_id=\"134\" data-product_sku=\"\" data-price=\"48850\" rel=\"nofollow\" class=\"wp-block-button__link  add_to_cart_button\" data-no-translation=\"\" data-trp-gettext=\"\" data-no-translation-aria-label=\"\">Ch\u1ecdn t\u00f9y ch\u1ecdn<\/a><\/div>\n\t\t\t<\/li><li class=\"wc-block-grid__product\">\n\t\t\t\t<a href=\"https:\/\/caluaniemuelear.com\/vi\/product\/caluanie-muelear-oxidizer-50liters\/\" class=\"wc-block-grid__product-link\">\n\t\t\t\t\t<div class=\"wc-block-grid__product-onsale\">\n\t\t\t<span aria-hidden=\"true\" data-no-translation=\"\" data-trp-gettext=\"\">Doanh thu<\/span>\n\t\t\t<span class=\"screen-reader-text\" data-no-translation=\"\" data-trp-gettext=\"\">S\u1ea3n ph\u1ea9m \u0111ang b\u00e1n<\/span>\n\t\t<\/div>\n\t\t\t\t\t<div class=\"wc-block-grid__product-image\"><img loading=\"lazy\" decoding=\"async\" width=\"300\" height=\"300\" src=\"https:\/\/caluaniemuelear.com\/wp-content\/uploads\/2025\/05\/50-Liters-Caluanie-Muelear-1-300x300.webp\" class=\"attachment-woocommerce_thumbnail size-woocommerce_thumbnail\" alt=\"Caluanie Muelear Oxidize 50Liters\" \/><\/div>\n\t\t\t\t\t<div class=\"wc-block-grid__product-title\">Caluanie Muelear Oxidize 50Liters<\/div>\n\t\t\t\t<\/a>\n\t\t\t\t<div class=\"wc-block-grid__product-price price\"><span class=\"woocommerce-Price-amount amount\" aria-hidden=\"true\"><span class=\"woocommerce-Price-currencySymbol\">&#036;<\/span>25,000.00<\/span> <span aria-hidden=\"true\">\u2013<\/span> <span class=\"woocommerce-Price-amount amount\" aria-hidden=\"true\"><span class=\"woocommerce-Price-currencySymbol\">&#036;<\/span>26,500.00<\/span><span class=\"screen-reader-text\" data-no-translation=\"\" data-trp-gettext=\"\">Kho\u1ea3ng gi\u00e1: &#036;25,000.00 \u0111\u1ebfn &#036;26,500.00<\/span><\/div>\n\t\t\t\t\n\t\t\t\t<div class=\"wp-block-button wc-block-grid__product-add-to-cart\"><a href=\"https:\/\/caluaniemuelear.com\/vi\/product\/caluanie-muelear-oxidizer-50liters\/\" aria-label=\"Ch\u1ecdn t\u00f9y ch\u1ecdn cho \u201cCaluanie Muelear Oxidize 50Liters\u201d\" data-quantity=\"1\" data-product_id=\"129\" data-product_sku=\"\" data-price=\"25000\" rel=\"nofollow\" class=\"wp-block-button__link  add_to_cart_button\" data-no-translation=\"\" data-trp-gettext=\"\" data-no-translation-aria-label=\"\">Ch\u1ecdn t\u00f9y ch\u1ecdn<\/a><\/div>\n\t\t\t<\/li><li class=\"wc-block-grid__product\">\n\t\t\t\t<a href=\"https:\/\/caluaniemuelear.com\/vi\/product\/caluanie-muelear-oxidizer-20liters\/\" class=\"wc-block-grid__product-link\">\n\t\t\t\t\t<div class=\"wc-block-grid__product-onsale\">\n\t\t\t<span aria-hidden=\"true\" data-no-translation=\"\" data-trp-gettext=\"\">Doanh thu<\/span>\n\t\t\t<span class=\"screen-reader-text\" data-no-translation=\"\" data-trp-gettext=\"\">S\u1ea3n ph\u1ea9m \u0111ang b\u00e1n<\/span>\n\t\t<\/div>\n\t\t\t\t\t<div class=\"wc-block-grid__product-image\"><img loading=\"lazy\" decoding=\"async\" width=\"300\" height=\"300\" src=\"https:\/\/caluaniemuelear.com\/wp-content\/uploads\/2025\/05\/20-Liters-Caluanie-Muelear-Oxidize-300x300.webp\" class=\"attachment-woocommerce_thumbnail size-woocommerce_thumbnail\" alt=\"Caluanie Muelear Oxidize 20 l\u00edt\" \/><\/div>\n\t\t\t\t\t<div class=\"wc-block-grid__product-title\">Caluanie Muelear Oxidize 20Liters<\/div>\n\t\t\t\t<\/a>\n\t\t\t\t<div class=\"wc-block-grid__product-price price\"><span class=\"woocommerce-Price-amount amount\" aria-hidden=\"true\"><span class=\"woocommerce-Price-currencySymbol\">&#036;<\/span>9,850.00<\/span> <span aria-hidden=\"true\">\u2013<\/span> <span class=\"woocommerce-Price-amount amount\" aria-hidden=\"true\"><span class=\"woocommerce-Price-currencySymbol\">&#036;<\/span>10,030.00<\/span><span class=\"screen-reader-text\" data-no-translation=\"\" data-trp-gettext=\"\">Kho\u1ea3ng gi\u00e1: &#036;9,850.00 \u0111\u1ebfn &#036;10,030.00<\/span><\/div>\n\t\t\t\t\n\t\t\t\t<div class=\"wp-block-button wc-block-grid__product-add-to-cart\"><a href=\"https:\/\/caluaniemuelear.com\/vi\/product\/caluanie-muelear-oxidizer-20liters\/\" aria-label=\"Ch\u1ecdn t\u00f9y ch\u1ecdn cho \u201cCaluanie Muelear Oxidize 20Liters\u201d\" data-quantity=\"1\" data-product_id=\"125\" data-product_sku=\"\" data-price=\"9850\" rel=\"nofollow\" class=\"wp-block-button__link  add_to_cart_button\" data-no-translation=\"\" data-trp-gettext=\"\" data-no-translation-aria-label=\"\">Ch\u1ecdn t\u00f9y ch\u1ecdn<\/a><\/div>\n\t\t\t<\/li><li class=\"wc-block-grid__product\">\n\t\t\t\t<a href=\"https:\/\/caluaniemuelear.com\/vi\/product\/caluanie-muelear-oxidizer-10liters\/\" class=\"wc-block-grid__product-link\">\n\t\t\t\t\t<div class=\"wc-block-grid__product-onsale\">\n\t\t\t<span aria-hidden=\"true\" data-no-translation=\"\" data-trp-gettext=\"\">Doanh thu<\/span>\n\t\t\t<span class=\"screen-reader-text\" data-no-translation=\"\" data-trp-gettext=\"\">S\u1ea3n ph\u1ea9m \u0111ang b\u00e1n<\/span>\n\t\t<\/div>\n\t\t\t\t\t<div class=\"wc-block-grid__product-image\"><img loading=\"lazy\" decoding=\"async\" width=\"300\" height=\"300\" src=\"https:\/\/caluaniemuelear.com\/wp-content\/uploads\/2025\/05\/10-Liters-Caluanie-Muelear-Oxidize-300x300.webp\" class=\"attachment-woocommerce_thumbnail size-woocommerce_thumbnail\" alt=\"Caluanie muelear oxidized 10liters\" \/><\/div>\n\t\t\t\t\t<div class=\"wc-block-grid__product-title\">Caluanie Muelear Oxidize 10Liters<\/div>\n\t\t\t\t<\/a>\n\t\t\t\t<div class=\"wc-block-grid__product-price price\"><span class=\"woocommerce-Price-amount amount\" aria-hidden=\"true\"><span class=\"woocommerce-Price-currencySymbol\">&#036;<\/span>5,020.00<\/span> <span aria-hidden=\"true\">\u2013<\/span> <span class=\"woocommerce-Price-amount amount\" aria-hidden=\"true\"><span class=\"woocommerce-Price-currencySymbol\">&#036;<\/span>5,200.00<\/span><span class=\"screen-reader-text\" data-no-translation=\"\" data-trp-gettext=\"\">Kho\u1ea3ng gi\u00e1: &#036;5,020.00 \u0111\u1ebfn &#036;5,200.00<\/span><\/div>\n\t\t\t\t\n\t\t\t\t<div class=\"wp-block-button wc-block-grid__product-add-to-cart\"><a href=\"https:\/\/caluaniemuelear.com\/vi\/product\/caluanie-muelear-oxidizer-10liters\/\" aria-label=\"Ch\u1ecdn t\u00f9y ch\u1ecdn cho \u201cCaluanie Muelear Oxidize 10Liters\u201d\" data-quantity=\"1\" data-product_id=\"121\" data-product_sku=\"\" data-price=\"5020\" rel=\"nofollow\" class=\"wp-block-button__link  add_to_cart_button\" data-no-translation=\"\" data-trp-gettext=\"\" data-no-translation-aria-label=\"\">Ch\u1ecdn t\u00f9y ch\u1ecdn<\/a><\/div>\n\t\t\t<\/li><\/ul><\/div><\/div>\r\n<\/div>","protected":false},"excerpt":{"rendered":"","protected":false},"author":1,"featured_media":38,"parent":0,"menu_order":0,"comment_status":"closed","ping_status":"closed","template":"","meta":{"_et_pb_use_builder":"","_et_pb_old_content":"","_et_gb_content_width":"","footnotes":""},"class_list":["post-61","page","type-page","status-publish","has-post-thumbnail","hentry"],"yoast_head":"<!-- This site is optimized with the Yoast SEO Premium plugin v23.9 (Yoast SEO v27.3) - https:\/\/yoast.com\/product\/yoast-seo-premium-wordpress\/ -->\n<title>Cart | Caluanie Muelear Oxidize<\/title>\n<meta name=\"description\" content=\"Welcome to your cart! You&#039;re just a few steps away from securing high-quality Caluanie Muelear Oxidize products made in the USA. Review your\" \/>\n<meta name=\"robots\" content=\"index, follow, max-snippet:-1, max-image-preview:large, max-video-preview:-1\" \/>\n<link rel=\"canonical\" href=\"https:\/\/caluaniemuelear.com\/vi\/xe-day\/\" \/>\n<meta property=\"og:locale\" content=\"vi_VN\" \/>\n<meta property=\"og:type\" content=\"article\" \/>\n<meta property=\"og:title\" content=\"Cart\" \/>\n<meta property=\"og:description\" content=\"Welcome to your cart! You&#039;re just a few steps away from securing high-quality Caluanie Muelear Oxidize products made in the USA. Review your\" \/>\n<meta property=\"og:url\" content=\"https:\/\/caluaniemuelear.com\/vi\/xe-day\/\" \/>\n<meta property=\"og:site_name\" content=\"Caluanie Muelear Oxidize\" \/>\n<meta property=\"article:modified_time\" content=\"2025-06-01T22:07:46+00:00\" \/>\n<meta property=\"og:image\" content=\"https:\/\/caluaniemuelear.com\/wp-content\/uploads\/2025\/05\/cropped-WhatsApp-Image-2025-05-25-at-10.08.40-PM.webp\" \/>\n\t<meta property=\"og:image:width\" content=\"512\" \/>\n\t<meta property=\"og:image:height\" content=\"512\" \/>\n\t<meta property=\"og:image:type\" content=\"image\/webp\" \/>\n<meta name=\"twitter:card\" content=\"summary_large_image\" \/>\n<meta name=\"twitter:label1\" content=\"\u01af\u1edbc t\u00ednh th\u1eddi gian \u0111\u1ecdc\" \/>\n\t<meta name=\"twitter:data1\" content=\"1 ph\u00fat\" \/>\n<script type=\"application\/ld+json\" class=\"yoast-schema-graph\">{\"@context\":\"https:\\\/\\\/schema.org\",\"@graph\":[{\"@type\":\"WebPage\",\"@id\":\"https:\\\/\\\/caluaniemuelear.com\\\/cart\\\/\",\"url\":\"https:\\\/\\\/caluaniemuelear.com\\\/cart\\\/\",\"name\":\"Cart | Caluanie Muelear Oxidize\",\"isPartOf\":{\"@id\":\"https:\\\/\\\/caluaniemuelear.com\\\/#website\"},\"primaryImageOfPage\":{\"@id\":\"https:\\\/\\\/caluaniemuelear.com\\\/cart\\\/#primaryimage\"},\"image\":{\"@id\":\"https:\\\/\\\/caluaniemuelear.com\\\/cart\\\/#primaryimage\"},\"thumbnailUrl\":\"https:\\\/\\\/caluaniemuelear.com\\\/wp-content\\\/uploads\\\/2025\\\/05\\\/cropped-WhatsApp-Image-2025-05-25-at-10.08.40-PM.webp\",\"datePublished\":\"2025-05-26T04:55:56+00:00\",\"dateModified\":\"2025-06-01T22:07:46+00:00\",\"description\":\"Welcome to your cart! You're just a few steps away from securing high-quality Caluanie Muelear Oxidize products made in the USA. Review your\",\"breadcrumb\":{\"@id\":\"https:\\\/\\\/caluaniemuelear.com\\\/cart\\\/#breadcrumb\"},\"inLanguage\":\"vi\",\"potentialAction\":[{\"@type\":\"ReadAction\",\"target\":[\"https:\\\/\\\/caluaniemuelear.com\\\/cart\\\/\"]}]},{\"@type\":\"ImageObject\",\"inLanguage\":\"vi\",\"@id\":\"https:\\\/\\\/caluaniemuelear.com\\\/cart\\\/#primaryimage\",\"url\":\"https:\\\/\\\/caluaniemuelear.com\\\/wp-content\\\/uploads\\\/2025\\\/05\\\/cropped-WhatsApp-Image-2025-05-25-at-10.08.40-PM.webp\",\"contentUrl\":\"https:\\\/\\\/caluaniemuelear.com\\\/wp-content\\\/uploads\\\/2025\\\/05\\\/cropped-WhatsApp-Image-2025-05-25-at-10.08.40-PM.webp\",\"width\":512,\"height\":512,\"caption\":\"Caluanie Muelear Oxidize\"},{\"@type\":\"BreadcrumbList\",\"@id\":\"https:\\\/\\\/caluaniemuelear.com\\\/cart\\\/#breadcrumb\",\"itemListElement\":[{\"@type\":\"ListItem\",\"position\":1,\"name\":\"Home\",\"item\":\"https:\\\/\\\/caluaniemuelear.com\\\/\"},{\"@type\":\"ListItem\",\"position\":2,\"name\":\"Cart\"}]},{\"@type\":\"WebSite\",\"@id\":\"https:\\\/\\\/caluaniemuelear.com\\\/#website\",\"url\":\"https:\\\/\\\/caluaniemuelear.com\\\/\",\"name\":\"Caluanie Muelear Oxidize\",\"description\":\"Caluanie Muelear Oxidize Made in USA\",\"publisher\":{\"@id\":\"https:\\\/\\\/caluaniemuelear.com\\\/#organization\"},\"alternateName\":\"Caluanie Muelear Oxidize USA\",\"potentialAction\":[{\"@type\":\"SearchAction\",\"target\":{\"@type\":\"EntryPoint\",\"urlTemplate\":\"https:\\\/\\\/caluaniemuelear.com\\\/?s={search_term_string}\"},\"query-input\":{\"@type\":\"PropertyValueSpecification\",\"valueRequired\":true,\"valueName\":\"search_term_string\"}}],\"inLanguage\":\"vi\"},{\"@type\":\"Organization\",\"@id\":\"https:\\\/\\\/caluaniemuelear.com\\\/#organization\",\"name\":\"Caluanie Muelear Oxidize\",\"alternateName\":\"Caluanie Muelear Oxidize USA\",\"url\":\"https:\\\/\\\/caluaniemuelear.com\\\/\",\"logo\":{\"@type\":\"ImageObject\",\"inLanguage\":\"vi\",\"@id\":\"https:\\\/\\\/caluaniemuelear.com\\\/#\\\/schema\\\/logo\\\/image\\\/\",\"url\":\"https:\\\/\\\/caluaniemuelear.com\\\/wp-content\\\/uploads\\\/2025\\\/05\\\/cropped-WhatsApp-Image-2025-05-25-at-10.08.40-PM.webp\",\"contentUrl\":\"https:\\\/\\\/caluaniemuelear.com\\\/wp-content\\\/uploads\\\/2025\\\/05\\\/cropped-WhatsApp-Image-2025-05-25-at-10.08.40-PM.webp\",\"width\":512,\"height\":512,\"caption\":\"Caluanie Muelear Oxidize\"},\"image\":{\"@id\":\"https:\\\/\\\/caluaniemuelear.com\\\/#\\\/schema\\\/logo\\\/image\\\/\"}}]}<\/script>\n<!-- \/ Yoast SEO Premium plugin. -->","yoast_head_json":{"title":"Gi\u1ecf h\u00e0ng | Caluanie Muelear Oxidize","description":"Ch\u00e0o m\u1eebng b\u1ea1n \u0111\u1ebfn v\u1edbi gi\u1ecf h\u00e0ng! B\u1ea1n ch\u1ec9 c\u00f2n v\u00e0i b\u01b0\u1edbc n\u1eefa l\u00e0 c\u00f3 th\u1ec3 s\u1edf h\u1eefu s\u1ea3n ph\u1ea9m Caluanie Muelear Oxidize ch\u1ea5t l\u01b0\u1ee3ng cao \u0111\u01b0\u1ee3c s\u1ea3n xu\u1ea5t t\u1ea1i Hoa K\u1ef3. H\u00e3y xem l\u1ea1i","robots":{"index":"index","follow":"follow","max-snippet":"max-snippet:-1","max-image-preview":"max-image-preview:large","max-video-preview":"max-video-preview:-1"},"canonical":"https:\/\/caluaniemuelear.com\/vi\/xe-day\/","og_locale":"vi_VN","og_type":"article","og_title":"Cart","og_description":"Welcome to your cart! You're just a few steps away from securing high-quality Caluanie Muelear Oxidize products made in the USA. Review your","og_url":"https:\/\/caluaniemuelear.com\/vi\/xe-day\/","og_site_name":"Caluanie Muelear Oxidize","article_modified_time":"2025-06-01T22:07:46+00:00","og_image":[{"width":512,"height":512,"url":"https:\/\/caluaniemuelear.com\/wp-content\/uploads\/2025\/05\/cropped-WhatsApp-Image-2025-05-25-at-10.08.40-PM.webp","type":"image\/webp"}],"twitter_card":"summary_large_image","twitter_misc":{"\u01af\u1edbc t\u00ednh th\u1eddi gian \u0111\u1ecdc":"1 ph\u00fat"},"schema":{"@context":"https:\/\/schema.org","@graph":[{"@type":"WebPage","@id":"https:\/\/caluaniemuelear.com\/cart\/","url":"https:\/\/caluaniemuelear.com\/cart\/","name":"Gi\u1ecf h\u00e0ng | Caluanie Muelear Oxidize","isPartOf":{"@id":"https:\/\/caluaniemuelear.com\/#website"},"primaryImageOfPage":{"@id":"https:\/\/caluaniemuelear.com\/cart\/#primaryimage"},"image":{"@id":"https:\/\/caluaniemuelear.com\/cart\/#primaryimage"},"thumbnailUrl":"https:\/\/caluaniemuelear.com\/wp-content\/uploads\/2025\/05\/cropped-WhatsApp-Image-2025-05-25-at-10.08.40-PM.webp","datePublished":"2025-05-26T04:55:56+00:00","dateModified":"2025-06-01T22:07:46+00:00","description":"Ch\u00e0o m\u1eebng b\u1ea1n \u0111\u1ebfn v\u1edbi gi\u1ecf h\u00e0ng! B\u1ea1n ch\u1ec9 c\u00f2n v\u00e0i b\u01b0\u1edbc n\u1eefa l\u00e0 c\u00f3 th\u1ec3 s\u1edf h\u1eefu s\u1ea3n ph\u1ea9m Caluanie Muelear Oxidize ch\u1ea5t l\u01b0\u1ee3ng cao \u0111\u01b0\u1ee3c s\u1ea3n xu\u1ea5t t\u1ea1i Hoa K\u1ef3. H\u00e3y xem l\u1ea1i","breadcrumb":{"@id":"https:\/\/caluaniemuelear.com\/cart\/#breadcrumb"},"inLanguage":"vi","potentialAction":[{"@type":"ReadAction","target":["https:\/\/caluaniemuelear.com\/cart\/"]}]},{"@type":"ImageObject","inLanguage":"vi","@id":"https:\/\/caluaniemuelear.com\/cart\/#primaryimage","url":"https:\/\/caluaniemuelear.com\/wp-content\/uploads\/2025\/05\/cropped-WhatsApp-Image-2025-05-25-at-10.08.40-PM.webp","contentUrl":"https:\/\/caluaniemuelear.com\/wp-content\/uploads\/2025\/05\/cropped-WhatsApp-Image-2025-05-25-at-10.08.40-PM.webp","width":512,"height":512,"caption":"Caluanie Muelear Oxidize"},{"@type":"BreadcrumbList","@id":"https:\/\/caluaniemuelear.com\/cart\/#breadcrumb","itemListElement":[{"@type":"ListItem","position":1,"name":"Home","item":"https:\/\/caluaniemuelear.com\/"},{"@type":"ListItem","position":2,"name":"Cart"}]},{"@type":"WebSite","@id":"https:\/\/caluaniemuelear.com\/#website","url":"https:\/\/caluaniemuelear.com\/","name":"Caluanie Muelear Oxidize","description":"Caluanie Muelear Oxidize S\u1ea3n xu\u1ea5t t\u1ea1i Hoa K\u1ef3","publisher":{"@id":"https:\/\/caluaniemuelear.com\/#organization"},"alternateName":"Caluanie Muelear Oxidize USA","potentialAction":[{"@type":"SearchAction","target":{"@type":"EntryPoint","urlTemplate":"https:\/\/caluaniemuelear.com\/?s={search_term_string}"},"query-input":{"@type":"PropertyValueSpecification","valueRequired":true,"valueName":"search_term_string"}}],"inLanguage":"vi"},{"@type":"Organization","@id":"https:\/\/caluaniemuelear.com\/#organization","name":"Caluanie Muelear Oxidize","alternateName":"Caluanie Muelear Oxidize USA","url":"https:\/\/caluaniemuelear.com\/","logo":{"@type":"ImageObject","inLanguage":"vi","@id":"https:\/\/caluaniemuelear.com\/#\/schema\/logo\/image\/","url":"https:\/\/caluaniemuelear.com\/wp-content\/uploads\/2025\/05\/cropped-WhatsApp-Image-2025-05-25-at-10.08.40-PM.webp","contentUrl":"https:\/\/caluaniemuelear.com\/wp-content\/uploads\/2025\/05\/cropped-WhatsApp-Image-2025-05-25-at-10.08.40-PM.webp","width":512,"height":512,"caption":"Caluanie Muelear Oxidize"},"image":{"@id":"https:\/\/caluaniemuelear.com\/#\/schema\/logo\/image\/"}}]}},"_links":{"self":[{"href":"https:\/\/caluaniemuelear.com\/vi\/wp-json\/wp\/v2\/pages\/61","targetHints":{"allow":["GET"]}}],"collection":[{"href":"https:\/\/caluaniemuelear.com\/vi\/wp-json\/wp\/v2\/pages"}],"about":[{"href":"https:\/\/caluaniemuelear.com\/vi\/wp-json\/wp\/v2\/types\/page"}],"author":[{"embeddable":true,"href":"https:\/\/caluaniemuelear.com\/vi\/wp-json\/wp\/v2\/users\/1"}],"replies":[{"embeddable":true,"href":"https:\/\/caluaniemuelear.com\/vi\/wp-json\/wp\/v2\/comments?post=61"}],"version-history":[{"count":3,"href":"https:\/\/caluaniemuelear.com\/vi\/wp-json\/wp\/v2\/pages\/61\/revisions"}],"predecessor-version":[{"id":217,"href":"https:\/\/caluaniemuelear.com\/vi\/wp-json\/wp\/v2\/pages\/61\/revisions\/217"}],"wp:featuredmedia":[{"embeddable":true,"href":"https:\/\/caluaniemuelear.com\/vi\/wp-json\/wp\/v2\/media\/38"}],"wp:attachment":[{"href":"https:\/\/caluaniemuelear.com\/vi\/wp-json\/wp\/v2\/media?parent=61"}],"curies":[{"name":"wp","href":"https:\/\/api.w.org\/{rel}","templated":true}]}}