{"id":67,"date":"2025-05-30T02:06:55","date_gmt":"2025-05-30T02:06:55","guid":{"rendered":"https:\/\/caluaniemuelear.com\/?page_id=67"},"modified":"2025-12-14T21:25:14","modified_gmt":"2025-12-14T21:25:14","slug":"hoan_tien_tra_tra","status":"publish","type":"page","link":"https:\/\/caluaniemuelear.com\/vi\/hoan_tien_tra_tra\/","title":{"rendered":"Ch\u00ednh s\u00e1ch ho\u00e0n ti\u1ec1n v\u00e0 tr\u1ea3 h\u00e0ng"},"content":{"rendered":"<h2 class=\"wp-block-heading\" style=\"text-align: center;\">T\u1ed5ng quan<\/h2>\r\n\r\n\r\n\r\n<p>Ch\u00ednh s\u00e1ch ho\u00e0n ti\u1ec1n v\u00e0 tr\u1ea3 h\u00e0ng c\u1ee7a ch\u00fang t\u00f4i k\u00e9o d\u00e0i 30 ng\u00e0y. N\u1ebfu \u0111\u00e3 qu\u00e1 30 ng\u00e0y k\u1ec3 t\u1eeb ng\u00e0y b\u1ea1n mua h\u00e0ng, ch\u00fang t\u00f4i kh\u00f4ng th\u1ec3 ho\u00e0n ti\u1ec1n \u0111\u1ea7y \u0111\u1ee7 ho\u1eb7c \u0111\u1ed5i h\u00e0ng cho b\u1ea1n.<\/p>\r\n\r\n\r\n\r\n<p>\u0110\u1ec3 \u0111\u1ee7 \u0111i\u1ec1u ki\u1ec7n tr\u1ea3 l\u1ea1i h\u00e0ng, b\u1ea1n ph\u1ea3i xu\u1ea5t tr\u00ecnh b\u1eb1ng ch\u1ee9ng d\u01b0\u1edbi d\u1ea1ng video th\u1eed nghi\u1ec7m ch\u1ee9ng minh s\u1ea3n ph\u1ea9m c\u1ee7a ch\u00fang t\u00f4i kh\u00f4ng \u0111\u00e1p \u1ee9ng c\u00e1c ti\u00eau chu\u1ea9n \u0111\u00e3 qu\u1ea3ng c\u00e1o.<\/p>\r\n\r\n\r\n\r\n<p>\u0110\u1ed1i v\u1edbi c\u00e1c s\u1ea3n ph\u1ea9m \u0111\u01b0\u1ee3c b\u1ea3o hi\u1ec3m b\u1ecb h\u01b0 h\u1ecfng khi giao h\u00e0ng cho c\u00e1c \u0111\u1ed1i t\u00e1c v\u1eadn chuy\u1ec3n c\u1ee7a ch\u00fang t\u00f4i nh\u01b0 DHL, FedEx, KGT, TNT, ch\u00fang t\u00f4i \u0111\u1ea3m b\u1ea3o ho\u00e0n l\u1ea1i to\u00e0n b\u1ed9 ti\u1ec1n ho\u1eb7c v\u1eadn chuy\u1ec3n s\u1ea3n ph\u1ea9m m\u1edbi m\u00e0 kh\u00f4ng t\u00ednh th\u00eam b\u1ea5t k\u1ef3 chi ph\u00ed n\u00e0o.<\/p>\r\n\r\n\r\n\r\n<p>C\u00e1c m\u1eb7t h\u00e0ng kh\u00f4ng \u0111\u01b0\u1ee3c tr\u1ea3 l\u1ea1i b\u1ed5 sung:<\/p>\r\n\r\n\r\n\r\n<ul class=\"wp-block-list\">\r\n<li><a href=\"https:\/\/caluaniemuelear.com\/vi\/\">Caluanie Muelear<\/a> kh\u00f4ng \u0111\u01b0\u1ee3c l\u01b0u tr\u1eef theo \u0111\u00fang quy \u0111\u1ecbnh.<\/li>\r\n<li>\u0110\u1ed5 tr\u00e0n <a href=\"https:\/\/caluaniemuelear.com\/vi\/\">Caluanie Muelear b\u1ecb oxy h\u00f3a<\/a> do ng\u01b0\u1eddi mua g\u00e2y ra.<\/li>\r\n<li>H\u00ecnh \u1ea3nh c\u1ee7a g\u00f3i h\u00e0ng s\u1ebd \u0111\u01b0\u1ee3c cung c\u1ea5p sau khi giao h\u00e0ng<\/li>\r\n<\/ul>\r\n\r\n\r\n\r\n<p>\u0110\u1ec3 ho\u00e0n t\u1ea5t vi\u1ec7c tr\u1ea3 h\u00e0ng, ch\u00fang t\u00f4i y\u00eau c\u1ea7u bi\u00ean lai, h\u00ecnh \u1ea3nh ho\u1eb7c b\u1eb1ng ch\u1ee9ng mua h\u00e0ng.<\/p>\r\n\r\n\r\n\r\n\r\n\r\n<p>C\u00f3 m\u1ed9t s\u1ed1 tr\u01b0\u1eddng h\u1ee3p ch\u1ec9 \u0111\u01b0\u1ee3c ho\u00e0n l\u1ea1i m\u1ed9t ph\u1ea7n ti\u1ec1n:<\/p>\r\n\r\n\r\n\r\n<ul class=\"wp-block-list\">\r\n<li><a href=\"https:\/\/caluanieoxidizeusa.com\/\">Caluanie Muelear Oxidize<\/a> c\u00f3 d\u1ea5u hi\u1ec7u s\u1eed d\u1ee5ng r\u00f5 r\u00e0ng.<\/li>\r\n<li>B\u1ea5t k\u1ef3 s\u1ea3n ph\u1ea9m Caluanie Muelear Oxidize n\u00e0o kh\u00f4ng c\u00f2n \u1edf t\u00ecnh tr\u1ea1ng ban \u0111\u1ea7u, b\u1ecb h\u01b0 h\u1ecfng ho\u1eb7c thi\u1ebfu b\u1ed9 ph\u1eadn v\u00ec nh\u1eefng l\u00fd do kh\u00f4ng ph\u1ea3i do l\u1ed7i c\u1ee7a ch\u00fang t\u00f4i.<\/li>\r\n<li>B\u1ea5t k\u1ef3 m\u1eb7t h\u00e0ng n\u00e0o \u0111\u01b0\u1ee3c tr\u1ea3 l\u1ea1i sau h\u01a1n 30 ng\u00e0y k\u1ec3 t\u1eeb ng\u00e0y giao h\u00e0ng<\/li>\r\n<\/ul>\r\n\r\n\r\n\r\n<h2 class=\"wp-block-heading\">Ho\u00e0n ti\u1ec1n<\/h2>\r\n\r\n\r\n\r\n<p>Sau khi nh\u1eadn v\u00e0 ki\u1ec3m tra h\u00e0ng tr\u1ea3 l\u1ea1i, ch\u00fang t\u00f4i s\u1ebd g\u1eedi email th\u00f4ng b\u00e1o \u0111\u00e3 nh\u1eadn \u0111\u01b0\u1ee3c h\u00e0ng tr\u1ea3 l\u1ea1i c\u1ee7a b\u1ea1n. Ch\u00fang t\u00f4i c\u0169ng s\u1ebd th\u00f4ng b\u00e1o cho b\u1ea1n v\u1ec1 vi\u1ec7c ch\u1ea5p thu\u1eadn ho\u1eb7c t\u1eeb ch\u1ed1i ho\u00e0n ti\u1ec1n.<\/p>\r\n\r\n\r\n\r\n<p>N\u1ebfu \u0111\u01b0\u1ee3c ch\u1ea5p thu\u1eadn, kho\u1ea3n ho\u00e0n ti\u1ec1n c\u1ee7a b\u1ea1n s\u1ebd \u0111\u01b0\u1ee3c x\u1eed l\u00fd theo ph\u01b0\u01a1ng th\u1ee9c thanh to\u00e1n ban \u0111\u1ea7u trong v\u00f2ng 7-14 ng\u00e0y l\u00e0m vi\u1ec7c.<\/p>\r\n\r\n\r\n\r\n<h3 class=\"wp-block-heading\">Ho\u00e0n ti\u1ec1n tr\u1ec5 ho\u1eb7c thi\u1ebfu<\/h3>\r\n\r\n\r\n\r\n<p>N\u1ebfu b\u1ea1n v\u1eabn ch\u01b0a nh\u1eadn \u0111\u01b0\u1ee3c ti\u1ec1n ho\u00e0n l\u1ea1i, tr\u01b0\u1edbc ti\u00ean h\u00e3y ki\u1ec3m tra l\u1ea1i t\u00e0i kho\u1ea3n ng\u00e2n h\u00e0ng c\u1ee7a b\u1ea1n.<\/p>\r\n\r\n\r\n\r\n<p>Sau \u0111\u00f3 h\u00e3y ki\u1ec3m tra c\u00e1c giao d\u1ecbch \u0111\u1ebfn ho\u1eb7c \u0111ang ch\u1edd x\u1eed l\u00fd c\u1ee7a b\u1ea1n, c\u00f3 th\u1ec3 m\u1ea5t m\u1ed9t th\u1eddi gian tr\u01b0\u1edbc khi kho\u1ea3n ho\u00e0n ti\u1ec1n ch\u00ednh th\u1ee9c \u0111\u01b0\u1ee3c ghi nh\u1eadn.<\/p>\r\n\r\n\r\n\r\n<p>Ti\u1ebfp theo, h\u00e3y li\u00ean h\u1ec7 v\u1edbi ng\u00e2n h\u00e0ng c\u1ee7a b\u1ea1n. Th\u01b0\u1eddng s\u1ebd m\u1ea5t m\u1ed9t kho\u1ea3ng th\u1eddi gian x\u1eed l\u00fd tr\u01b0\u1edbc khi kho\u1ea3n ho\u00e0n ti\u1ec1n \u0111\u01b0\u1ee3c g\u1eedi \u0111i.<\/p>\r\n\r\n\r\n\r\n<p>N\u1ebfu b\u1ea1n \u0111\u00e3 th\u1ef1c hi\u1ec7n t\u1ea5t c\u1ea3 c\u00e1c b\u01b0\u1edbc n\u00e0y m\u00e0 v\u1eabn ch\u01b0a nh\u1eadn \u0111\u01b0\u1ee3c ti\u1ec1n ho\u00e0n l\u1ea1i, vui l\u00f2ng li\u00ean h\u1ec7 v\u1edbi ch\u00fang t\u00f4i theo \u0111\u1ecba ch\u1ec9 {support@caluaniemuelear.com}.<\/p>\r\n\r\n\r\n\r\n<h3 class=\"wp-block-heading\">H\u00e0ng gi\u1ea3m gi\u00e1<\/h3>\r\n\r\n\r\n\r\n<p>T\u1ea5t c\u1ea3 c\u00e1c m\u1eb7t h\u00e0ng c\u00f3 gi\u00e1 s\u1ebd \u0111\u01b0\u1ee3c ho\u00e0n l\u1ea1i, cho d\u00f9 l\u00e0 h\u00e0ng \u0111ang gi\u1ea3m gi\u00e1 hay gi\u00e1 g\u1ed1c.<\/p>\r\n\r\n\r\n\r\n<h2 class=\"wp-block-heading\">Trao \u0111\u1ed5i<\/h2>\r\n\r\n\r\n\r\n<p>Ch\u00fang t\u00f4i ch\u1ec9 \u0111\u1ed5i s\u1ea3n ph\u1ea9m n\u1ebfu s\u1ea3n ph\u1ea9m b\u1ecb l\u1ed7i ho\u1eb7c h\u01b0 h\u1ecfng. N\u1ebfu b\u1ea1n c\u1ea7n \u0111\u1ed5i sang s\u1ea3n ph\u1ea9m t\u01b0\u01a1ng t\u1ef1, vui l\u00f2ng g\u1eedi email cho ch\u00fang t\u00f4i theo \u0111\u1ecba ch\u1ec9 {support@caluaniemuelear.com} v\u00e0 ch\u00fang t\u00f4i s\u1ebd h\u01b0\u1edbng d\u1eabn b\u1ea1n c\u00e1ch g\u1eedi s\u1ea3n ph\u1ea9m b\u1ecb l\u1ed7i.<\/p>\r\n\r\n\r\n\r\n<h2 class=\"wp-block-heading\">Qu\u00e0 t\u1eb7ng<\/h2>\r\n\r\n\r\n\r\n<p>N\u1ebfu s\u1ea3n ph\u1ea9m \u0111\u01b0\u1ee3c \u0111\u00e1nh d\u1ea5u l\u00e0 qu\u00e0 t\u1eb7ng khi mua v\u00e0 \u0111\u01b0\u1ee3c giao tr\u1ef1c ti\u1ebfp \u0111\u1ebfn b\u1ea1n, b\u1ea1n s\u1ebd nh\u1eadn \u0111\u01b0\u1ee3c m\u1ed9t kho\u1ea3n t\u00edn d\u1ee5ng qu\u00e0 t\u1eb7ng t\u01b0\u01a1ng \u1ee9ng v\u1edbi gi\u00e1 tr\u1ecb h\u00e0ng tr\u1ea3 l\u1ea1i. Sau khi nh\u1eadn \u0111\u01b0\u1ee3c s\u1ea3n ph\u1ea9m tr\u1ea3 l\u1ea1i, b\u1ea1n s\u1ebd nh\u1eadn \u0111\u01b0\u1ee3c m\u1ed9t phi\u1ebfu qu\u00e0 t\u1eb7ng qua \u0111\u01b0\u1eddng b\u01b0u \u0111i\u1ec7n.<\/p>\r\n\r\n\r\n\r\n<p>N\u1ebfu m\u1eb7t h\u00e0ng kh\u00f4ng \u0111\u01b0\u1ee3c \u0111\u00e1nh d\u1ea5u l\u00e0 qu\u00e0 t\u1eb7ng khi mua ho\u1eb7c ng\u01b0\u1eddi t\u1eb7ng qu\u00e0 \u0111\u00e3 t\u1ef1 v\u1eadn chuy\u1ec3n \u0111\u01a1n h\u00e0ng \u0111\u1ec3 t\u1eb7ng b\u1ea1n sau, ch\u00fang t\u00f4i s\u1ebd ho\u00e0n l\u1ea1i ti\u1ec1n cho ng\u01b0\u1eddi t\u1eb7ng qu\u00e0 v\u00e0 h\u1ecd s\u1ebd bi\u1ebft v\u1ec1 vi\u1ec7c b\u1ea1n tr\u1ea3 l\u1ea1i h\u00e0ng.<\/p>\r\n\r\n\r\n\r\n<h2 class=\"wp-block-heading\">V\u1eadn chuy\u1ec3n tr\u1ea3 l\u1ea1i<\/h2>\r\n\r\n\r\n\r\n<p>\u0110\u1ec3 tr\u1ea3 l\u1ea1i s\u1ea3n ph\u1ea9m, b\u1ea1n n\u00ean g\u1eedi email cho ch\u00fang t\u00f4i theo \u0111\u1ecba ch\u1ec9: {support@caluaniemuelear.com}.<\/p>\r\n\r\n\r\n\r\n<p>B\u1ea1n s\u1ebd ch\u1ecbu tr\u00e1ch nhi\u1ec7m thanh to\u00e1n chi ph\u00ed v\u1eadn chuy\u1ec3n \u0111\u1ec3 tr\u1ea3 l\u1ea1i s\u1ea3n ph\u1ea9m. Chi ph\u00ed v\u1eadn chuy\u1ec3n kh\u00f4ng \u0111\u01b0\u1ee3c ho\u00e0n l\u1ea1i. N\u1ebfu b\u1ea1n nh\u1eadn \u0111\u01b0\u1ee3c ti\u1ec1n ho\u00e0n l\u1ea1i, chi ph\u00ed v\u1eadn chuy\u1ec3n tr\u1ea3 l\u1ea1i s\u1ebd \u0111\u01b0\u1ee3c kh\u1ea5u tr\u1eeb v\u00e0o s\u1ed1 ti\u1ec1n ho\u00e0n l\u1ea1i.<\/p>\r\n\r\n\r\n\r\n<p>T\u00f9y thu\u1ed9c v\u00e0o n\u01a1i b\u1ea1n s\u1ed1ng, th\u1eddi gian \u0111\u1ec3 s\u1ea3n ph\u1ea9m b\u1ea1n mu\u1ed1n \u0111\u1ed5i c\u00f3 th\u1ec3 kh\u00e1c nhau.<\/p>\r\n\r\n\r\n\r\n<p>N\u1ebfu b\u1ea1n mu\u1ed1n tr\u1ea3 l\u1ea1i nh\u1eefng m\u1eb7t h\u00e0ng \u0111\u1eaft ti\u1ec1n h\u01a1n, b\u1ea1n c\u00f3 th\u1ec3 c\u00e2n nh\u1eafc s\u1eed d\u1ee5ng d\u1ecbch v\u1ee5 v\u1eadn chuy\u1ec3n c\u00f3 th\u1ec3 theo d\u00f5i ho\u1eb7c mua b\u1ea3o hi\u1ec3m v\u1eadn chuy\u1ec3n. Ch\u00fang t\u00f4i kh\u00f4ng \u0111\u1ea3m b\u1ea3o r\u1eb1ng ch\u00fang t\u00f4i s\u1ebd nh\u1eadn \u0111\u01b0\u1ee3c h\u00e0ng b\u1ea1n tr\u1ea3 l\u1ea1i.<\/p>\r\n\r\n\r\n\r\n<h2 class=\"wp-block-heading\">C\u1ea7n gi\u00fap \u0111\u1ee1?<\/h2>\r\n\r\n\r\n\r\n<p>Li\u00ean h\u1ec7 v\u1edbi ch\u00fang t\u00f4i theo \u0111\u1ecba ch\u1ec9 {support@caluaniemuelear.com} n\u1ebfu c\u00f3 b\u1ea5t k\u1ef3 th\u1eafc m\u1eafc n\u00e0o li\u00ean quan \u0111\u1ebfn vi\u1ec7c ho\u00e0n ti\u1ec1n v\u00e0 tr\u1ea3 h\u00e0ng.<\/p>\r\n<h3>\u00a0<\/h3>\r\n<h3 style=\"text-align: center;\">Th\u00f4ng tin li\u00ean l\u1ea1c<\/h3>\r\n<p><strong>V\u1ecb tr\u00ed c\u1ee7a ch\u00fang t\u00f4i<\/strong><\/p>\r\n<div class=\"wp-block-uagb-container uagb-block-649a83c8\">\r\n<div class=\"wp-block-uagb-info-box uagb-block-cb739fab uagb-infobox__content-wrap  uagb-infobox-icon-left uagb-infobox-left uagb-infobox-image-valign-top\">\r\n<div class=\"uagb-ifb-content\">\r\n<p class=\"uagb-ifb-desc\">1 Seaport Ln #1300, Boston, MA 02210 Hoa K\u1ef3<\/p>\r\n<\/div>\r\n<\/div>\r\n<p>&nbsp;<\/p>\r\n<p><strong>Email c\u1ee7a ch\u00fang t\u00f4i<\/strong><\/p>\r\n<div class=\"wp-block-uagb-info-box uagb-block-f2bde35f uagb-infobox__content-wrap  uagb-infobox-icon-left uagb-infobox-left uagb-infobox-image-valign-top\">\r\n<div class=\"uagb-ifb-content\">\r\n<p class=\"uagb-ifb-desc\">support@caluaniemuelear.com<\/p>\r\n<\/div>\r\n<\/div>\r\n<p>&nbsp;<\/p>\r\n<p><strong>G\u1ecdi cho ch\u00fang t\u00f4i<\/strong><\/p>\r\n<p>+1(617) 408-0000<\/p>\r\n<\/div>\r\n<p>&nbsp;<\/p>\r\n<p>&nbsp;<\/p>\r\n<h3 style=\"text-align: left;\">B\u1ea3n \u0111\u1ed3 v\u1ecb tr\u00ed<\/h3>\r\n<p>&nbsp;<\/p>\r\n<p><\/p>\r\n<p><iframe loading=\"lazy\" style=\"border: 0;\" src=\"https:\/\/www.google.com\/maps\/embed?pb=!1m18!1m12!1m3!1d2948.7003213513335!2d-71.0418516!3d42.3489122!2m3!1f0!2f0!3f0!3m2!1i1024!2i768!4f13.1!3m3!1m2!1s0x89e3707896428fb9%3A0xff7fd03411582335!2s1%20Seaport%20Ln%20%231300%2C%20Boston%2C%20MA%2002210!5e0!3m2!1sen!2sus!4v1748563444826!5m2!1sen!2sus\" width=\"600\" height=\"450\" allowfullscreen=\"allowfullscreen\" data-mce-fragment=\"1\"><\/iframe><\/p>","protected":false},"excerpt":{"rendered":"<p>Overview Our refund and returns policy lasts 30 days. If 30 days have passed since your purchase, we can\u2019t offer you a full refund or exchange. To be eligible for a return, you must show proof in a form of a test video that our product did not meet its advertised standards. For damaged Insured [&hellip;]<\/p>\n","protected":false},"author":1,"featured_media":38,"parent":0,"menu_order":0,"comment_status":"closed","ping_status":"closed","template":"","meta":{"_et_pb_use_builder":"","_et_pb_old_content":"","_et_gb_content_width":"","footnotes":""},"class_list":["post-67","page","type-page","status-publish","has-post-thumbnail","hentry"],"yoast_head":"<!-- This site is optimized with the Yoast SEO Premium plugin v23.9 (Yoast SEO v27.3) - https:\/\/yoast.com\/product\/yoast-seo-premium-wordpress\/ -->\n<title>Refund and Returns Policy | Caluanie Muelear Oxidize<\/title>\n<meta name=\"description\" content=\"Our refund and returns policy lasts 30 days. If 30 days have passed since your purchase, we can\u2019t offer you a full refund or exchange.\" \/>\n<meta name=\"robots\" content=\"index, follow, max-snippet:-1, max-image-preview:large, max-video-preview:-1\" \/>\n<link rel=\"canonical\" href=\"https:\/\/caluaniemuelear.com\/vi\/hoan_tien_tra_tra\/\" \/>\n<meta property=\"og:locale\" content=\"vi_VN\" \/>\n<meta property=\"og:type\" content=\"article\" \/>\n<meta property=\"og:title\" content=\"Refund and Returns Policy\" \/>\n<meta property=\"og:description\" content=\"Our refund and returns policy lasts 30 days. If 30 days have passed since your purchase, we can\u2019t offer you a full refund or exchange.\" \/>\n<meta property=\"og:url\" content=\"https:\/\/caluaniemuelear.com\/vi\/hoan_tien_tra_tra\/\" \/>\n<meta property=\"og:site_name\" content=\"Caluanie Muelear Oxidize\" \/>\n<meta property=\"article:modified_time\" content=\"2025-12-14T21:25:14+00:00\" \/>\n<meta property=\"og:image\" content=\"https:\/\/caluaniemuelear.com\/wp-content\/uploads\/2025\/05\/cropped-WhatsApp-Image-2025-05-25-at-10.08.40-PM.webp\" \/>\n\t<meta property=\"og:image:width\" content=\"512\" \/>\n\t<meta property=\"og:image:height\" content=\"512\" \/>\n\t<meta property=\"og:image:type\" content=\"image\/webp\" \/>\n<meta name=\"twitter:card\" content=\"summary_large_image\" \/>\n<meta name=\"twitter:label1\" content=\"\u01af\u1edbc t\u00ednh th\u1eddi gian \u0111\u1ecdc\" \/>\n\t<meta name=\"twitter:data1\" content=\"3 ph\u00fat\" \/>\n<script type=\"application\/ld+json\" class=\"yoast-schema-graph\">{\"@context\":\"https:\\\/\\\/schema.org\",\"@graph\":[{\"@type\":\"WebPage\",\"@id\":\"https:\\\/\\\/caluaniemuelear.com\\\/refund_returns\\\/\",\"url\":\"https:\\\/\\\/caluaniemuelear.com\\\/refund_returns\\\/\",\"name\":\"Refund and Returns Policy | Caluanie Muelear Oxidize\",\"isPartOf\":{\"@id\":\"https:\\\/\\\/caluaniemuelear.com\\\/#website\"},\"primaryImageOfPage\":{\"@id\":\"https:\\\/\\\/caluaniemuelear.com\\\/refund_returns\\\/#primaryimage\"},\"image\":{\"@id\":\"https:\\\/\\\/caluaniemuelear.com\\\/refund_returns\\\/#primaryimage\"},\"thumbnailUrl\":\"https:\\\/\\\/caluaniemuelear.com\\\/wp-content\\\/uploads\\\/2025\\\/05\\\/cropped-WhatsApp-Image-2025-05-25-at-10.08.40-PM.webp\",\"datePublished\":\"2025-05-30T02:06:55+00:00\",\"dateModified\":\"2025-12-14T21:25:14+00:00\",\"description\":\"Our refund and returns policy lasts 30 days. If 30 days have passed since your purchase, we can\u2019t offer you a full refund or exchange.\",\"breadcrumb\":{\"@id\":\"https:\\\/\\\/caluaniemuelear.com\\\/refund_returns\\\/#breadcrumb\"},\"inLanguage\":\"vi\",\"potentialAction\":[{\"@type\":\"ReadAction\",\"target\":[\"https:\\\/\\\/caluaniemuelear.com\\\/refund_returns\\\/\"]}]},{\"@type\":\"ImageObject\",\"inLanguage\":\"vi\",\"@id\":\"https:\\\/\\\/caluaniemuelear.com\\\/refund_returns\\\/#primaryimage\",\"url\":\"https:\\\/\\\/caluaniemuelear.com\\\/wp-content\\\/uploads\\\/2025\\\/05\\\/cropped-WhatsApp-Image-2025-05-25-at-10.08.40-PM.webp\",\"contentUrl\":\"https:\\\/\\\/caluaniemuelear.com\\\/wp-content\\\/uploads\\\/2025\\\/05\\\/cropped-WhatsApp-Image-2025-05-25-at-10.08.40-PM.webp\",\"width\":512,\"height\":512,\"caption\":\"Caluanie Muelear Oxidize\"},{\"@type\":\"BreadcrumbList\",\"@id\":\"https:\\\/\\\/caluaniemuelear.com\\\/refund_returns\\\/#breadcrumb\",\"itemListElement\":[{\"@type\":\"ListItem\",\"position\":1,\"name\":\"Home\",\"item\":\"https:\\\/\\\/caluaniemuelear.com\\\/\"},{\"@type\":\"ListItem\",\"position\":2,\"name\":\"Refund and Returns Policy\"}]},{\"@type\":\"WebSite\",\"@id\":\"https:\\\/\\\/caluaniemuelear.com\\\/#website\",\"url\":\"https:\\\/\\\/caluaniemuelear.com\\\/\",\"name\":\"Caluanie Muelear Oxidize\",\"description\":\"Caluanie Muelear Oxidize Made in USA\",\"publisher\":{\"@id\":\"https:\\\/\\\/caluaniemuelear.com\\\/#organization\"},\"alternateName\":\"Caluanie Muelear Oxidize USA\",\"potentialAction\":[{\"@type\":\"SearchAction\",\"target\":{\"@type\":\"EntryPoint\",\"urlTemplate\":\"https:\\\/\\\/caluaniemuelear.com\\\/?s={search_term_string}\"},\"query-input\":{\"@type\":\"PropertyValueSpecification\",\"valueRequired\":true,\"valueName\":\"search_term_string\"}}],\"inLanguage\":\"vi\"},{\"@type\":\"Organization\",\"@id\":\"https:\\\/\\\/caluaniemuelear.com\\\/#organization\",\"name\":\"Caluanie Muelear Oxidize\",\"alternateName\":\"Caluanie Muelear Oxidize USA\",\"url\":\"https:\\\/\\\/caluaniemuelear.com\\\/\",\"logo\":{\"@type\":\"ImageObject\",\"inLanguage\":\"vi\",\"@id\":\"https:\\\/\\\/caluaniemuelear.com\\\/#\\\/schema\\\/logo\\\/image\\\/\",\"url\":\"https:\\\/\\\/caluaniemuelear.com\\\/wp-content\\\/uploads\\\/2025\\\/05\\\/cropped-WhatsApp-Image-2025-05-25-at-10.08.40-PM.webp\",\"contentUrl\":\"https:\\\/\\\/caluaniemuelear.com\\\/wp-content\\\/uploads\\\/2025\\\/05\\\/cropped-WhatsApp-Image-2025-05-25-at-10.08.40-PM.webp\",\"width\":512,\"height\":512,\"caption\":\"Caluanie Muelear Oxidize\"},\"image\":{\"@id\":\"https:\\\/\\\/caluaniemuelear.com\\\/#\\\/schema\\\/logo\\\/image\\\/\"}}]}<\/script>\n<!-- \/ Yoast SEO Premium plugin. -->","yoast_head_json":{"title":"Ch\u00ednh s\u00e1ch ho\u00e0n ti\u1ec1n v\u00e0 tr\u1ea3 h\u00e0ng | Caluanie Muelear Oxidize","description":"Ch\u00ednh s\u00e1ch ho\u00e0n ti\u1ec1n v\u00e0 tr\u1ea3 h\u00e0ng c\u1ee7a ch\u00fang t\u00f4i k\u00e9o d\u00e0i 30 ng\u00e0y. N\u1ebfu \u0111\u00e3 qu\u00e1 30 ng\u00e0y k\u1ec3 t\u1eeb ng\u00e0y b\u1ea1n mua h\u00e0ng, ch\u00fang t\u00f4i kh\u00f4ng th\u1ec3 ho\u00e0n ti\u1ec1n \u0111\u1ea7y \u0111\u1ee7 ho\u1eb7c \u0111\u1ed5i h\u00e0ng cho b\u1ea1n.","robots":{"index":"index","follow":"follow","max-snippet":"max-snippet:-1","max-image-preview":"max-image-preview:large","max-video-preview":"max-video-preview:-1"},"canonical":"https:\/\/caluaniemuelear.com\/vi\/hoan_tien_tra_tra\/","og_locale":"vi_VN","og_type":"article","og_title":"Refund and Returns Policy","og_description":"Our refund and returns policy lasts 30 days. If 30 days have passed since your purchase, we can\u2019t offer you a full refund or exchange.","og_url":"https:\/\/caluaniemuelear.com\/vi\/hoan_tien_tra_tra\/","og_site_name":"Caluanie Muelear Oxidize","article_modified_time":"2025-12-14T21:25:14+00:00","og_image":[{"width":512,"height":512,"url":"https:\/\/caluaniemuelear.com\/wp-content\/uploads\/2025\/05\/cropped-WhatsApp-Image-2025-05-25-at-10.08.40-PM.webp","type":"image\/webp"}],"twitter_card":"summary_large_image","twitter_misc":{"\u01af\u1edbc t\u00ednh th\u1eddi gian \u0111\u1ecdc":"3 ph\u00fat"},"schema":{"@context":"https:\/\/schema.org","@graph":[{"@type":"WebPage","@id":"https:\/\/caluaniemuelear.com\/refund_returns\/","url":"https:\/\/caluaniemuelear.com\/refund_returns\/","name":"Ch\u00ednh s\u00e1ch ho\u00e0n ti\u1ec1n v\u00e0 tr\u1ea3 h\u00e0ng | Caluanie Muelear Oxidize","isPartOf":{"@id":"https:\/\/caluaniemuelear.com\/#website"},"primaryImageOfPage":{"@id":"https:\/\/caluaniemuelear.com\/refund_returns\/#primaryimage"},"image":{"@id":"https:\/\/caluaniemuelear.com\/refund_returns\/#primaryimage"},"thumbnailUrl":"https:\/\/caluaniemuelear.com\/wp-content\/uploads\/2025\/05\/cropped-WhatsApp-Image-2025-05-25-at-10.08.40-PM.webp","datePublished":"2025-05-30T02:06:55+00:00","dateModified":"2025-12-14T21:25:14+00:00","description":"Ch\u00ednh s\u00e1ch ho\u00e0n ti\u1ec1n v\u00e0 tr\u1ea3 h\u00e0ng c\u1ee7a ch\u00fang t\u00f4i k\u00e9o d\u00e0i 30 ng\u00e0y. N\u1ebfu \u0111\u00e3 qu\u00e1 30 ng\u00e0y k\u1ec3 t\u1eeb ng\u00e0y b\u1ea1n mua h\u00e0ng, ch\u00fang t\u00f4i kh\u00f4ng th\u1ec3 ho\u00e0n ti\u1ec1n \u0111\u1ea7y \u0111\u1ee7 ho\u1eb7c \u0111\u1ed5i h\u00e0ng cho b\u1ea1n.","breadcrumb":{"@id":"https:\/\/caluaniemuelear.com\/refund_returns\/#breadcrumb"},"inLanguage":"vi","potentialAction":[{"@type":"ReadAction","target":["https:\/\/caluaniemuelear.com\/refund_returns\/"]}]},{"@type":"ImageObject","inLanguage":"vi","@id":"https:\/\/caluaniemuelear.com\/refund_returns\/#primaryimage","url":"https:\/\/caluaniemuelear.com\/wp-content\/uploads\/2025\/05\/cropped-WhatsApp-Image-2025-05-25-at-10.08.40-PM.webp","contentUrl":"https:\/\/caluaniemuelear.com\/wp-content\/uploads\/2025\/05\/cropped-WhatsApp-Image-2025-05-25-at-10.08.40-PM.webp","width":512,"height":512,"caption":"Caluanie Muelear Oxidize"},{"@type":"BreadcrumbList","@id":"https:\/\/caluaniemuelear.com\/refund_returns\/#breadcrumb","itemListElement":[{"@type":"ListItem","position":1,"name":"Home","item":"https:\/\/caluaniemuelear.com\/"},{"@type":"ListItem","position":2,"name":"Refund and Returns Policy"}]},{"@type":"WebSite","@id":"https:\/\/caluaniemuelear.com\/#website","url":"https:\/\/caluaniemuelear.com\/","name":"Caluanie Muelear Oxidize","description":"Caluanie Muelear Oxidize S\u1ea3n xu\u1ea5t t\u1ea1i Hoa K\u1ef3","publisher":{"@id":"https:\/\/caluaniemuelear.com\/#organization"},"alternateName":"Caluanie Muelear Oxidize USA","potentialAction":[{"@type":"SearchAction","target":{"@type":"EntryPoint","urlTemplate":"https:\/\/caluaniemuelear.com\/?s={search_term_string}"},"query-input":{"@type":"PropertyValueSpecification","valueRequired":true,"valueName":"search_term_string"}}],"inLanguage":"vi"},{"@type":"Organization","@id":"https:\/\/caluaniemuelear.com\/#organization","name":"Caluanie Muelear Oxidize","alternateName":"Caluanie Muelear Oxidize USA","url":"https:\/\/caluaniemuelear.com\/","logo":{"@type":"ImageObject","inLanguage":"vi","@id":"https:\/\/caluaniemuelear.com\/#\/schema\/logo\/image\/","url":"https:\/\/caluaniemuelear.com\/wp-content\/uploads\/2025\/05\/cropped-WhatsApp-Image-2025-05-25-at-10.08.40-PM.webp","contentUrl":"https:\/\/caluaniemuelear.com\/wp-content\/uploads\/2025\/05\/cropped-WhatsApp-Image-2025-05-25-at-10.08.40-PM.webp","width":512,"height":512,"caption":"Caluanie Muelear Oxidize"},"image":{"@id":"https:\/\/caluaniemuelear.com\/#\/schema\/logo\/image\/"}}]}},"_links":{"self":[{"href":"https:\/\/caluaniemuelear.com\/vi\/wp-json\/wp\/v2\/pages\/67","targetHints":{"allow":["GET"]}}],"collection":[{"href":"https:\/\/caluaniemuelear.com\/vi\/wp-json\/wp\/v2\/pages"}],"about":[{"href":"https:\/\/caluaniemuelear.com\/vi\/wp-json\/wp\/v2\/types\/page"}],"author":[{"embeddable":true,"href":"https:\/\/caluaniemuelear.com\/vi\/wp-json\/wp\/v2\/users\/1"}],"replies":[{"embeddable":true,"href":"https:\/\/caluaniemuelear.com\/vi\/wp-json\/wp\/v2\/comments?post=67"}],"version-history":[{"count":6,"href":"https:\/\/caluaniemuelear.com\/vi\/wp-json\/wp\/v2\/pages\/67\/revisions"}],"predecessor-version":[{"id":305,"href":"https:\/\/caluaniemuelear.com\/vi\/wp-json\/wp\/v2\/pages\/67\/revisions\/305"}],"wp:featuredmedia":[{"embeddable":true,"href":"https:\/\/caluaniemuelear.com\/vi\/wp-json\/wp\/v2\/media\/38"}],"wp:attachment":[{"href":"https:\/\/caluaniemuelear.com\/vi\/wp-json\/wp\/v2\/media?parent=67"}],"curies":[{"name":"wp","href":"https:\/\/api.w.org\/{rel}","templated":true}]}}